{"id":19814,"date":"2024-12-07T19:43:30","date_gmt":"2024-12-07T18:43:30","guid":{"rendered":"https:\/\/egassbarcelona.com\/product\/nino-c\/"},"modified":"2024-12-07T19:43:30","modified_gmt":"2024-12-07T18:43:30","slug":"nino-c","status":"publish","type":"product","link":"https:\/\/egassbarcelona.com\/ca\/producte\/nino-c\/","title":{"rendered":"Nino C"},"content":{"rendered":"<p>Una joia amb personalitat, forta i contundent, pensada per a qui s\u2019atreveix a destacar.<br \/>\nAquest collaret llarg captiva amb el seu disseny exclusiu de peces irregulars, on l\u2019art i l\u2019eleg\u00e0ncia es troben. El seu estil vers\u00e0til real\u00e7a qualsevol look amb un toc modern i distintiu.<\/p>\n<p>La mesura indicada correspon al llarg vertical del collaret, \u00e9s a dir, a la seva longitud quan est\u00e0 doblegat per la meitat.<br \/>\nTS: 50-51 cm | TM: 52-53 cm | TL: 54-55 cm<\/p>\n","protected":false},"excerpt":{"rendered":"<p>Collaret llarg impactant i sofisticat, amb peces irregulars i bany d\u2019or o plata mate, segons el model. Un disseny \u00fanic que real\u00e7a qualsevol look.<br \/>\nFet a m\u00e0.<br \/>\nTS: 50-51 cm | TM: 52-53 cm | TL: 54-55 cm<\/p>\n","protected":false},"featured_media":24592,"comment_status":"closed","ping_status":"closed","template":"","meta":{"_seopress_robots_primary_cat":"510","_seopress_titles_title":"","_seopress_titles_desc":"","_seopress_robots_index":""},"product_brand":[],"product_cat":[81,510],"product_tag":[],"class_list":{"0":"post-19814","1":"product","2":"type-product","3":"status-publish","4":"has-post-thumbnail","6":"product_cat-collarets","7":"product_cat-novetats","8":"pa_bano-oro-ca","9":"pa_bano-plata-ca-2","10":"pa_talla-l-ca","11":"pa_talla-m-ca","12":"pa_talla-s-ca","14":"first","15":"instock","16":"taxable","17":"shipping-taxable","18":"purchasable","19":"product-type-variable"},"_links":{"self":[{"href":"https:\/\/egassbarcelona.com\/ca\/wp-json\/wp\/v2\/product\/19814","targetHints":{"allow":["GET"]}}],"collection":[{"href":"https:\/\/egassbarcelona.com\/ca\/wp-json\/wp\/v2\/product"}],"about":[{"href":"https:\/\/egassbarcelona.com\/ca\/wp-json\/wp\/v2\/types\/product"}],"replies":[{"embeddable":true,"href":"https:\/\/egassbarcelona.com\/ca\/wp-json\/wp\/v2\/comments?post=19814"}],"wp:featuredmedia":[{"embeddable":true,"href":"https:\/\/egassbarcelona.com\/ca\/wp-json\/wp\/v2\/media\/24592"}],"wp:attachment":[{"href":"https:\/\/egassbarcelona.com\/ca\/wp-json\/wp\/v2\/media?parent=19814"}],"wp:term":[{"taxonomy":"product_brand","embeddable":true,"href":"https:\/\/egassbarcelona.com\/ca\/wp-json\/wp\/v2\/product_brand?post=19814"},{"taxonomy":"product_cat","embeddable":true,"href":"https:\/\/egassbarcelona.com\/ca\/wp-json\/wp\/v2\/product_cat?post=19814"},{"taxonomy":"product_tag","embeddable":true,"href":"https:\/\/egassbarcelona.com\/ca\/wp-json\/wp\/v2\/product_tag?post=19814"}],"curies":[{"name":"wp","href":"https:\/\/api.w.org\/{rel}","templated":true}]}}