{"id":19626,"date":"2024-12-12T08:13:47","date_gmt":"2024-12-12T07:13:47","guid":{"rendered":"https:\/\/egassbarcelona.com\/product\/19626\/"},"modified":"2024-12-12T08:13:47","modified_gmt":"2024-12-12T07:13:47","slug":"19626","status":"publish","type":"product","link":"https:\/\/egassbarcelona.com\/ca\/producte\/19626\/","title":{"rendered":""},"content":{"rendered":"<p>Les talles corresponen a la mesura del canell de l\u2019home: TS: 17 cm, TM: 18 cm, TL: 19 cm, TXL: 20 cm.<br \/>\nPer mesurar el per\u00edmetre del canell, agafa un cordill o un tros de cinta amb el qual puguis envoltar el canell. Marca al cordill on es troben els extrems, sense que quedi massa ajustat. A continuaci\u00f3, posa aquest cordill sobre una regla i mesura la longitud en cent\u00edmetres del per\u00edmetre del teu canell.<br \/>\nTotes les nostres peces es fabriquen una a una a m\u00e0, aix\u00ed que si necessites una talla que no trobes, si us plau, escriu-nos i, si \u00e9s possible, te la farem encantadament.<br \/>\nAquesta polsera \u00e9s perfecta per a aquells que busquen un accessori distintiu i vers\u00e0til, capa\u00e7 de complementar tant looks casuals com formals. Ideal com a regal o com a pe\u00e7a \u00fanica per a la teva col\u00b7lecci\u00f3 personal, combina funcionalitat i estil en un disseny que reflecteix modernitat i car\u00e0cter.<\/p>\n","protected":false},"excerpt":{"rendered":"<p>Polsera masculina elaborada amb cuir d\u2019alta qualitat trenzat a m\u00e0 i tancament magn\u00e8tic de zamak amb bany de plata. Dissenyada per a aquells que valoren l\u2019estil i la qualitat artesanal, \u00e9s una pe\u00e7a elegant i vers\u00e0til, ideal tant per al dia a dia com per a ocasions especials.<br \/>\nFeta a m\u00e0.<br \/>\nLes talles corresponen a la mida del canell de l\u2019home: TS: 17 cm, TM: 18 cm, TL: 19 cm, TXL: 20 cm.<\/p>\n","protected":false},"featured_media":24657,"comment_status":"closed","ping_status":"closed","template":"","meta":{"_seopress_robots_primary_cat":"0","_seopress_titles_title":"","_seopress_titles_desc":"","_seopress_robots_index":""},"product_brand":[],"product_cat":[668],"product_tag":[],"class_list":{"0":"post-19626","1":"product","2":"type-product","3":"status-publish","4":"has-post-thumbnail","6":"product_cat-polseres-ells","7":"pa_color-marro-ca","8":"pa_color-negre-ca","9":"pa_talla-l-ca","10":"pa_talla-m-ca","11":"pa_talla-s-ca","13":"first","14":"instock","15":"taxable","16":"shipping-taxable","17":"purchasable","18":"product-type-variable"},"_links":{"self":[{"href":"https:\/\/egassbarcelona.com\/ca\/wp-json\/wp\/v2\/product\/19626","targetHints":{"allow":["GET"]}}],"collection":[{"href":"https:\/\/egassbarcelona.com\/ca\/wp-json\/wp\/v2\/product"}],"about":[{"href":"https:\/\/egassbarcelona.com\/ca\/wp-json\/wp\/v2\/types\/product"}],"replies":[{"embeddable":true,"href":"https:\/\/egassbarcelona.com\/ca\/wp-json\/wp\/v2\/comments?post=19626"}],"wp:featuredmedia":[{"embeddable":true,"href":"https:\/\/egassbarcelona.com\/ca\/wp-json\/wp\/v2\/media\/24657"}],"wp:attachment":[{"href":"https:\/\/egassbarcelona.com\/ca\/wp-json\/wp\/v2\/media?parent=19626"}],"wp:term":[{"taxonomy":"product_brand","embeddable":true,"href":"https:\/\/egassbarcelona.com\/ca\/wp-json\/wp\/v2\/product_brand?post=19626"},{"taxonomy":"product_cat","embeddable":true,"href":"https:\/\/egassbarcelona.com\/ca\/wp-json\/wp\/v2\/product_cat?post=19626"},{"taxonomy":"product_tag","embeddable":true,"href":"https:\/\/egassbarcelona.com\/ca\/wp-json\/wp\/v2\/product_tag?post=19626"}],"curies":[{"name":"wp","href":"https:\/\/api.w.org\/{rel}","templated":true}]}}