{"id":19605,"date":"2024-12-09T11:33:18","date_gmt":"2024-12-09T10:33:18","guid":{"rendered":"https:\/\/egassbarcelona.com\/product\/19605\/"},"modified":"2025-06-07T09:51:40","modified_gmt":"2025-06-07T07:51:40","slug":"19605","status":"publish","type":"product","link":"https:\/\/egassbarcelona.com\/ca\/producte\/19605\/","title":{"rendered":"Betty B"},"content":{"rendered":"<p>Per mesurar el per\u00edmetre, agafa un cordill o una cinta amb la qual puguis envoltar-te el canell. Marca al cordill on es troben els extrems, per\u00f2 sense que et pressioni. Despr\u00e9s, col\u00b7loca aquest cordill sobre una regla i mesura la longitud en cent\u00edmetres del per\u00edmetre del teu canell.<br \/>\nTotes les nostres peces estan fetes una a una a m\u00e0, aix\u00ed que, si necessites alguna talla que no trobes, si us plau, escriu-nos i, si \u00e9s possible, te la farem encantades.<\/p>\n","protected":false},"excerpt":{"rendered":"<p>Polsera d\u2019eslabons allargats, banyada en or o plata i tractada amb galvanitzaci\u00f3 per assegurar un acabat brillant i durador. Disponible en bany d\u2019or, plata o bicolor, amb mosquet\u00f3 i cadena per ajustar la mida.<br \/>\nFeta a m\u00e0.<br \/>\nTalles: TS: 15 cm, TM: 16 cm, TL: 17 cm.<\/p>\n","protected":false},"featured_media":24521,"comment_status":"closed","ping_status":"closed","template":"","meta":{"_seopress_robots_primary_cat":"150","_seopress_titles_title":"","_seopress_titles_desc":"","_seopress_robots_index":""},"product_brand":[],"product_cat":[150],"product_tag":[],"class_list":{"0":"post-19605","1":"product","2":"type-product","3":"status-publish","4":"has-post-thumbnail","6":"product_cat-polseres","7":"pa_bano-oro-ca","8":"pa_bano-plata-ca-2","9":"pa_talla-l-ca","10":"pa_talla-m-ca","11":"pa_talla-s-ca","13":"first","14":"instock","15":"taxable","16":"shipping-taxable","17":"purchasable","18":"product-type-variable"},"_links":{"self":[{"href":"https:\/\/egassbarcelona.com\/ca\/wp-json\/wp\/v2\/product\/19605","targetHints":{"allow":["GET"]}}],"collection":[{"href":"https:\/\/egassbarcelona.com\/ca\/wp-json\/wp\/v2\/product"}],"about":[{"href":"https:\/\/egassbarcelona.com\/ca\/wp-json\/wp\/v2\/types\/product"}],"replies":[{"embeddable":true,"href":"https:\/\/egassbarcelona.com\/ca\/wp-json\/wp\/v2\/comments?post=19605"}],"wp:featuredmedia":[{"embeddable":true,"href":"https:\/\/egassbarcelona.com\/ca\/wp-json\/wp\/v2\/media\/24521"}],"wp:attachment":[{"href":"https:\/\/egassbarcelona.com\/ca\/wp-json\/wp\/v2\/media?parent=19605"}],"wp:term":[{"taxonomy":"product_brand","embeddable":true,"href":"https:\/\/egassbarcelona.com\/ca\/wp-json\/wp\/v2\/product_brand?post=19605"},{"taxonomy":"product_cat","embeddable":true,"href":"https:\/\/egassbarcelona.com\/ca\/wp-json\/wp\/v2\/product_cat?post=19605"},{"taxonomy":"product_tag","embeddable":true,"href":"https:\/\/egassbarcelona.com\/ca\/wp-json\/wp\/v2\/product_tag?post=19605"}],"curies":[{"name":"wp","href":"https:\/\/api.w.org\/{rel}","templated":true}]}}