{"id":19570,"date":"2024-12-08T14:55:30","date_gmt":"2024-12-08T13:55:30","guid":{"rendered":"https:\/\/egassbarcelona.com\/product\/19570\/"},"modified":"2025-04-16T21:24:22","modified_gmt":"2025-04-16T19:24:22","slug":"19570","status":"publish","type":"product","link":"https:\/\/egassbarcelona.com\/ca\/producte\/19570\/","title":{"rendered":"Dama bicolor"},"content":{"rendered":"<p>Per mesurar el per\u00edmetre del canell, agafa un cordill o una cinta amb la qual puguis envoltar-te el canell. Marca al cordill on es troben els extrems, per\u00f2 sense que et pressioni. Despr\u00e9s, col\u00b7loca aquest cordill sobre una regla i mesura la longitud en cent\u00edmetres del per\u00edmetre del teu canell.<br \/>\nTotes les nostres peces estan fetes una a una a m\u00e0, aix\u00ed que, si necessites alguna talla que no trobes, si us plau, escriu-nos i, si \u00e9s possible, te la farem encantades.<\/p>\n","protected":false},"excerpt":{"rendered":"<p>Polsera bicolor amb una tira en contrast de color blanc o negre. El color predominant defineix l\u2019estil d\u2019aquesta polsera \u00fanica i vers\u00e0til. Disseny contemporani amb set tires de cuir pla de 5 mm i un original tancament d\u2019imant de zamak banyat en plata o or, segons el model. F\u00e0cil de posar i de combinar.<br \/>\nFeta a m\u00e0.<br \/>\nTalles (per\u00edmetre del canell):<br \/>\nS: 15 cm | M: 16 cm | L: 17 cm | XL: 18 cm<\/p>\n","protected":false},"featured_media":24542,"comment_status":"closed","ping_status":"closed","template":"","meta":{"_seopress_robots_primary_cat":"0","_seopress_titles_title":"","_seopress_titles_desc":"","_seopress_robots_index":""},"product_brand":[],"product_cat":[150],"product_tag":[],"class_list":{"0":"post-19570","1":"product","2":"type-product","3":"status-publish","4":"has-post-thumbnail","6":"product_cat-polseres","7":"pa_bano-oro-ca","8":"pa_bano-plata-ca-2","9":"pa_color-blanc-ca","10":"pa_color-negre-ca-2","11":"pa_talla-l-ca","12":"pa_talla-m-ca","13":"pa_talla-s-ca","15":"first","16":"instock","17":"taxable","18":"shipping-taxable","19":"purchasable","20":"product-type-variable","21":"has-default-attributes"},"_links":{"self":[{"href":"https:\/\/egassbarcelona.com\/ca\/wp-json\/wp\/v2\/product\/19570","targetHints":{"allow":["GET"]}}],"collection":[{"href":"https:\/\/egassbarcelona.com\/ca\/wp-json\/wp\/v2\/product"}],"about":[{"href":"https:\/\/egassbarcelona.com\/ca\/wp-json\/wp\/v2\/types\/product"}],"replies":[{"embeddable":true,"href":"https:\/\/egassbarcelona.com\/ca\/wp-json\/wp\/v2\/comments?post=19570"}],"wp:featuredmedia":[{"embeddable":true,"href":"https:\/\/egassbarcelona.com\/ca\/wp-json\/wp\/v2\/media\/24542"}],"wp:attachment":[{"href":"https:\/\/egassbarcelona.com\/ca\/wp-json\/wp\/v2\/media?parent=19570"}],"wp:term":[{"taxonomy":"product_brand","embeddable":true,"href":"https:\/\/egassbarcelona.com\/ca\/wp-json\/wp\/v2\/product_brand?post=19570"},{"taxonomy":"product_cat","embeddable":true,"href":"https:\/\/egassbarcelona.com\/ca\/wp-json\/wp\/v2\/product_cat?post=19570"},{"taxonomy":"product_tag","embeddable":true,"href":"https:\/\/egassbarcelona.com\/ca\/wp-json\/wp\/v2\/product_tag?post=19570"}],"curies":[{"name":"wp","href":"https:\/\/api.w.org\/{rel}","templated":true}]}}