{"id":17698,"date":"2022-06-29T16:16:12","date_gmt":"2022-06-29T14:16:12","guid":{"rendered":"https:\/\/egassbarcelona.com\/product\/identificador-maletes-groc\/"},"modified":"2023-10-29T16:04:07","modified_gmt":"2023-10-29T15:04:07","slug":"identificador-maletes-groc","status":"publish","type":"product","link":"https:\/\/egassbarcelona.com\/ca\/producte\/identificador-maletes-groc\/","title":{"rendered":"Identificador  de maletes groc"},"content":{"rendered":"<p>Viatja amb estil i seguretat!\u2028Sempre tens problemes per trobar la teva maleta a l\u2019aeroport? No m\u00e9s preocupacions! Les nostres tires per a maletes personalitzades s\u00f3n la soluci\u00f3 perfecta.\u2028Identificaci\u00f3 r\u00e0pida: Trieu entre una varietat de colors perqu\u00e8 la vostra maleta es distingeixi immediatament.\u2028Dades segures: Incloeu les vostres dades de contacte a l\u2019etiqueta perqu\u00e8, en cas de p\u00e8rdua, el vostre equipatge sempre torni a vosaltres de manera segura.\u2028F\u00e0cil d\u2019utilitzar: Les tires s\u2019ajusten a la majoria de maletes i s\u00f3n resistents a l\u00fas per resistir tots els vostres vintages<\/p>\n","protected":false},"excerpt":{"rendered":"<p>Viatja amb estil i seguretat!\u2028Sempre tens problemes per trobar la teva maleta a l\u2019aeroport? No m\u00e9s preocupacions! Les nostres tires per a maletes personalitzades s\u00f3n la soluci\u00f3 perfecta.\u2028Identificaci\u00f3 r\u00e0pida: Trieu entre una varietat de colors perqu\u00e8 la vostra maleta es distingeixi immediatament.\u2028Dades segures: Incloeu les vostres dades de contacte a l\u2019etiqueta perqu\u00e8, en cas de p\u00e8rdua, el vostre equipatge sempre torni a vosaltres de manera segura.\u2028F\u00e0cil d\u2019utilitzar: Les tires s\u2019ajusten a la majoria de maletes i s\u00f3n resistents a l\u00fas per resistir tots els vostres vintages<\/p>\n","protected":false},"featured_media":24097,"comment_status":"closed","ping_status":"closed","template":"","meta":{"_seopress_robots_primary_cat":"948","_seopress_titles_title":"","_seopress_titles_desc":"","_seopress_robots_index":""},"product_brand":[],"product_cat":[948],"product_tag":[1000,228],"class_list":{"0":"post-17698","1":"product","2":"type-product","3":"status-publish","4":"has-post-thumbnail","6":"product_cat-identificador-maletes","7":"product_tag-identificador-maletes","8":"product_tag-pell","9":"pa_color-groc","11":"first","12":"instock","13":"taxable","14":"shipping-taxable","15":"purchasable","16":"product-type-simple"},"_links":{"self":[{"href":"https:\/\/egassbarcelona.com\/ca\/wp-json\/wp\/v2\/product\/17698","targetHints":{"allow":["GET"]}}],"collection":[{"href":"https:\/\/egassbarcelona.com\/ca\/wp-json\/wp\/v2\/product"}],"about":[{"href":"https:\/\/egassbarcelona.com\/ca\/wp-json\/wp\/v2\/types\/product"}],"replies":[{"embeddable":true,"href":"https:\/\/egassbarcelona.com\/ca\/wp-json\/wp\/v2\/comments?post=17698"}],"wp:featuredmedia":[{"embeddable":true,"href":"https:\/\/egassbarcelona.com\/ca\/wp-json\/wp\/v2\/media\/24097"}],"wp:attachment":[{"href":"https:\/\/egassbarcelona.com\/ca\/wp-json\/wp\/v2\/media?parent=17698"}],"wp:term":[{"taxonomy":"product_brand","embeddable":true,"href":"https:\/\/egassbarcelona.com\/ca\/wp-json\/wp\/v2\/product_brand?post=17698"},{"taxonomy":"product_cat","embeddable":true,"href":"https:\/\/egassbarcelona.com\/ca\/wp-json\/wp\/v2\/product_cat?post=17698"},{"taxonomy":"product_tag","embeddable":true,"href":"https:\/\/egassbarcelona.com\/ca\/wp-json\/wp\/v2\/product_tag?post=17698"}],"curies":[{"name":"wp","href":"https:\/\/api.w.org\/{rel}","templated":true}]}}