{"id":17692,"date":"2022-06-29T16:45:21","date_gmt":"2022-06-29T14:45:21","guid":{"rendered":"https:\/\/egassbarcelona.com\/product\/identificador-de-maletes-bordeus\/"},"modified":"2023-10-29T13:35:38","modified_gmt":"2023-10-29T12:35:38","slug":"identificador-de-maletes-bordeus","status":"publish","type":"product","link":"https:\/\/egassbarcelona.com\/ca\/producte\/identificador-de-maletes-bordeus\/","title":{"rendered":"Identificador de maletes bordeus"},"content":{"rendered":"<p>Viatja amb estil i seguretat!<br \/>\nSempre tens problemes per trobar la teva maleta a l&#8217;aeroport? No m\u00e9s preocupacions! Les nostres tires per a maletes personalitzades s\u00f3n la soluci\u00f3 perfecta.<br \/>\nIdentificaci\u00f3 r\u00e0pida: Trieu entre una varietat de colors perqu\u00e8 la vostra maleta es distingeixi immediatament.<br \/>\nDades segures: Incloeu les vostres dades de contacte a l&#8217;etiqueta perqu\u00e8, en cas de p\u00e8rdua, el vostre equipatge sempre torni a vosaltres de manera segura.<br \/>\nF\u00e0cil d&#8217;utilitzar: Les tires s&#8217;ajusten a la majoria de maletes i s\u00f3n resistents a l\u00fas per resistir tots els vostres vintages<\/p>\n","protected":false},"excerpt":{"rendered":"<p>Identificador de maletes de pell per poder recon\u00e8ixer la teva maleta r\u00e0pidament.<br \/>\n A la part posterior t\u00e9 una butxaca transparent perqu\u00e8 puguis posar una targeta amb el teu nom i tel\u00e8fon.<br \/>\nImprescindible pels teus viatges. Disponible en quatre colors: groc, blau el\u00e8ctric, camell i bordeus.<br \/>\nMida: 15&#215;4 cm.<\/p>\n","protected":false},"featured_media":24121,"comment_status":"closed","ping_status":"closed","template":"","meta":{"_seopress_robots_primary_cat":"948","_seopress_titles_title":"","_seopress_titles_desc":"","_seopress_robots_index":""},"product_brand":[],"product_cat":[948],"product_tag":[],"class_list":{"0":"post-17692","1":"product","2":"type-product","3":"status-publish","4":"has-post-thumbnail","6":"product_cat-identificador-maletes","7":"pa_color-vermell-burdeus-ca","9":"first","10":"instock","11":"taxable","12":"shipping-taxable","13":"purchasable","14":"product-type-simple"},"_links":{"self":[{"href":"https:\/\/egassbarcelona.com\/ca\/wp-json\/wp\/v2\/product\/17692","targetHints":{"allow":["GET"]}}],"collection":[{"href":"https:\/\/egassbarcelona.com\/ca\/wp-json\/wp\/v2\/product"}],"about":[{"href":"https:\/\/egassbarcelona.com\/ca\/wp-json\/wp\/v2\/types\/product"}],"replies":[{"embeddable":true,"href":"https:\/\/egassbarcelona.com\/ca\/wp-json\/wp\/v2\/comments?post=17692"}],"wp:featuredmedia":[{"embeddable":true,"href":"https:\/\/egassbarcelona.com\/ca\/wp-json\/wp\/v2\/media\/24121"}],"wp:attachment":[{"href":"https:\/\/egassbarcelona.com\/ca\/wp-json\/wp\/v2\/media?parent=17692"}],"wp:term":[{"taxonomy":"product_brand","embeddable":true,"href":"https:\/\/egassbarcelona.com\/ca\/wp-json\/wp\/v2\/product_brand?post=17692"},{"taxonomy":"product_cat","embeddable":true,"href":"https:\/\/egassbarcelona.com\/ca\/wp-json\/wp\/v2\/product_cat?post=17692"},{"taxonomy":"product_tag","embeddable":true,"href":"https:\/\/egassbarcelona.com\/ca\/wp-json\/wp\/v2\/product_tag?post=17692"}],"curies":[{"name":"wp","href":"https:\/\/api.w.org\/{rel}","templated":true}]}}