{"id":17663,"date":"2023-09-25T16:56:15","date_gmt":"2023-09-25T14:56:15","guid":{"rendered":"https:\/\/egassbarcelona.com\/product\/clemens-a\/"},"modified":"2023-10-26T18:28:58","modified_gmt":"2023-10-26T16:28:58","slug":"clemens-a","status":"publish","type":"product","link":"https:\/\/egassbarcelona.com\/ca\/producte\/clemens-a\/","title":{"rendered":"Clemens A"},"content":{"rendered":"<p>El seu disseny estilitzat i allargat destaca per la seva subtilitat i eleg\u00e0ncia, convertint-los en el complement perfecte per a qualsevol ocasi\u00f3 especial. Descobreix l&#8217;eleg\u00e0ncia en moviment amb els nostres arracades Clemens, llargues i estilitzades.<\/p>\n<p>Fetes amb materials d&#8217;alta qualitat, les nostres arracades garanteixen comoditat i durabilitat, perqu\u00e8 puguis gaudir del seu encant durant molt de temps.<\/p>\n","protected":false},"excerpt":{"rendered":"<p>Arracades llargues i elegants amb moviment, que estilitzaran el teu rostre i et faran brillar en qualsevol ocasi\u00f3.<br \/>\nRealitzades amb metall hipoal\u00b7l\u00e8rgic banyat en or o plata segons el model i bany galv\u00e0nic.<br \/>\nDisponibles amb tancament de pin\u00e7a per a orelles sense perforar o en opci\u00f3 est\u00e0ndard per a orelles perforades.<br \/>\nFetes a m\u00e0.<br \/>\nLongitud: 7 cm.<\/p>\n","protected":false},"featured_media":24297,"comment_status":"closed","ping_status":"closed","template":"","meta":{"_seopress_robots_primary_cat":"0","_seopress_titles_title":"","_seopress_titles_desc":"","_seopress_robots_index":""},"product_brand":[],"product_cat":[149],"product_tag":[967,985],"class_list":{"0":"post-17663","1":"product","2":"type-product","3":"status-publish","4":"has-post-thumbnail","6":"product_cat-arracades","7":"product_tag-arracadas-de-clip","8":"product_tag-baby-or","9":"pa_bano-oro-ca","10":"pa_bano-plata-ca-2","11":"pa_cierre-clip-ca","12":"pa_cierre-estandard","14":"first","15":"instock","16":"taxable","17":"shipping-taxable","18":"purchasable","19":"product-type-variable","20":"has-default-attributes"},"_links":{"self":[{"href":"https:\/\/egassbarcelona.com\/ca\/wp-json\/wp\/v2\/product\/17663","targetHints":{"allow":["GET"]}}],"collection":[{"href":"https:\/\/egassbarcelona.com\/ca\/wp-json\/wp\/v2\/product"}],"about":[{"href":"https:\/\/egassbarcelona.com\/ca\/wp-json\/wp\/v2\/types\/product"}],"replies":[{"embeddable":true,"href":"https:\/\/egassbarcelona.com\/ca\/wp-json\/wp\/v2\/comments?post=17663"}],"wp:featuredmedia":[{"embeddable":true,"href":"https:\/\/egassbarcelona.com\/ca\/wp-json\/wp\/v2\/media\/24297"}],"wp:attachment":[{"href":"https:\/\/egassbarcelona.com\/ca\/wp-json\/wp\/v2\/media?parent=17663"}],"wp:term":[{"taxonomy":"product_brand","embeddable":true,"href":"https:\/\/egassbarcelona.com\/ca\/wp-json\/wp\/v2\/product_brand?post=17663"},{"taxonomy":"product_cat","embeddable":true,"href":"https:\/\/egassbarcelona.com\/ca\/wp-json\/wp\/v2\/product_cat?post=17663"},{"taxonomy":"product_tag","embeddable":true,"href":"https:\/\/egassbarcelona.com\/ca\/wp-json\/wp\/v2\/product_tag?post=17663"}],"curies":[{"name":"wp","href":"https:\/\/api.w.org\/{rel}","templated":true}]}}