{"id":17572,"date":"2023-09-25T17:18:53","date_gmt":"2023-09-25T15:18:53","guid":{"rendered":"https:\/\/egassbarcelona.com\/?post_type=product&#038;p=17572"},"modified":"2023-10-26T18:16:11","modified_gmt":"2023-10-26T16:16:11","slug":"alba","status":"publish","type":"product","link":"https:\/\/egassbarcelona.com\/ca\/producte\/alba\/","title":{"rendered":"Alba"},"content":{"rendered":"<p>El que fa que aquest collaret sigui realment especial \u00e9s la combinaci\u00f3 de la pe\u00e7a ovalada irregular amb una tira de pell girada, la qual cosa afegeix un toc de textura i suavitat a la joia. La tira de pell girada li d\u00f3na un aspecte elegant i bohemi al collaret, creant un equilibri perfecte entre la modernitat i la cl\u00e0ssica.<\/p>\n","protected":false},"excerpt":{"rendered":"<p>Collaret llarg amb pe\u00e7a ovalada irregular de metall hipoal\u00b7lerg\u00e8nic banyat en or o plata segons el model i tira d&#8217;ant.<br \/>\nFet a m\u00e0.<br \/>\nTS: 50-51 cm TM:52-53 cm TL: 54-55 cm<\/p>\n","protected":false},"featured_media":24434,"comment_status":"closed","ping_status":"closed","template":"","meta":{"_seopress_robots_primary_cat":"510","_seopress_titles_title":"","_seopress_titles_desc":"","_seopress_robots_index":""},"product_brand":[],"product_cat":[81,510],"product_tag":[375],"class_list":{"0":"post-17572","1":"product","2":"type-product","3":"status-publish","4":"has-post-thumbnail","6":"product_cat-collarets","7":"product_cat-novetats","8":"product_tag-collaret-llarg","9":"pa_bano-oro-ca","10":"pa_bano-plata-ca-2","11":"pa_talla-l-ca","12":"pa_talla-m-ca","13":"pa_talla-s-ca","15":"first","16":"instock","17":"taxable","18":"shipping-taxable","19":"purchasable","20":"product-type-variable"},"_links":{"self":[{"href":"https:\/\/egassbarcelona.com\/ca\/wp-json\/wp\/v2\/product\/17572","targetHints":{"allow":["GET"]}}],"collection":[{"href":"https:\/\/egassbarcelona.com\/ca\/wp-json\/wp\/v2\/product"}],"about":[{"href":"https:\/\/egassbarcelona.com\/ca\/wp-json\/wp\/v2\/types\/product"}],"replies":[{"embeddable":true,"href":"https:\/\/egassbarcelona.com\/ca\/wp-json\/wp\/v2\/comments?post=17572"}],"wp:featuredmedia":[{"embeddable":true,"href":"https:\/\/egassbarcelona.com\/ca\/wp-json\/wp\/v2\/media\/24434"}],"wp:attachment":[{"href":"https:\/\/egassbarcelona.com\/ca\/wp-json\/wp\/v2\/media?parent=17572"}],"wp:term":[{"taxonomy":"product_brand","embeddable":true,"href":"https:\/\/egassbarcelona.com\/ca\/wp-json\/wp\/v2\/product_brand?post=17572"},{"taxonomy":"product_cat","embeddable":true,"href":"https:\/\/egassbarcelona.com\/ca\/wp-json\/wp\/v2\/product_cat?post=17572"},{"taxonomy":"product_tag","embeddable":true,"href":"https:\/\/egassbarcelona.com\/ca\/wp-json\/wp\/v2\/product_tag?post=17572"}],"curies":[{"name":"wp","href":"https:\/\/api.w.org\/{rel}","templated":true}]}}