{"id":17543,"date":"2023-09-25T17:16:45","date_gmt":"2023-09-25T15:16:45","guid":{"rendered":"https:\/\/egassbarcelona.com\/?post_type=product&#038;p=17543"},"modified":"2025-12-03T23:23:03","modified_gmt":"2025-12-03T22:23:03","slug":"etereo","status":"publish","type":"product","link":"https:\/\/egassbarcelona.com\/ca\/producte\/etereo\/","title":{"rendered":"Et\u00e9reo"},"content":{"rendered":"<p>Tant si vols real\u00e7ar un look casual com donar-li un toc d\u2019eleg\u00e0ncia a un conjunt m\u00e9s formal, el nostre collar Et\u00e8reo, llarg i elegant, \u00e9s l\u2019elecci\u00f3 perfecta. Ideal tant per combinar-lo amb una samarreta com per complementar un vestit elegant. Amb el seu disseny vers\u00e0til i atemporal, aquest collaret s\u2019adapta sense esfor\u00e7 a qualsevol ocasi\u00f3 i estil.  <\/p>\n","protected":false},"excerpt":{"rendered":"<p>Collar, com el seu nom indica, extremadament lleuger. Realitzat amb metall hipoal\u00b7lerg\u00e8nic banyat en or o plata segons el model i tractament galvanic.<br \/>Molt elegant i diferent. <\/p>\n","protected":false},"featured_media":24420,"comment_status":"closed","ping_status":"closed","template":"","meta":{"_seopress_robots_primary_cat":"510","_seopress_titles_title":"","_seopress_titles_desc":"","_seopress_robots_index":""},"product_brand":[],"product_cat":[81,510],"product_tag":[],"class_list":{"0":"post-17543","1":"product","2":"type-product","3":"status-publish","4":"has-post-thumbnail","6":"product_cat-collarets","7":"product_cat-novetats","8":"pa_bano-oro-ca","9":"pa_bano-plata-ca-2","10":"pa_talla-l-ca","11":"pa_talla-m-ca","12":"pa_talla-s-ca","14":"first","15":"instock","16":"taxable","17":"shipping-taxable","18":"purchasable","19":"product-type-variable"},"_links":{"self":[{"href":"https:\/\/egassbarcelona.com\/ca\/wp-json\/wp\/v2\/product\/17543","targetHints":{"allow":["GET"]}}],"collection":[{"href":"https:\/\/egassbarcelona.com\/ca\/wp-json\/wp\/v2\/product"}],"about":[{"href":"https:\/\/egassbarcelona.com\/ca\/wp-json\/wp\/v2\/types\/product"}],"replies":[{"embeddable":true,"href":"https:\/\/egassbarcelona.com\/ca\/wp-json\/wp\/v2\/comments?post=17543"}],"wp:featuredmedia":[{"embeddable":true,"href":"https:\/\/egassbarcelona.com\/ca\/wp-json\/wp\/v2\/media\/24420"}],"wp:attachment":[{"href":"https:\/\/egassbarcelona.com\/ca\/wp-json\/wp\/v2\/media?parent=17543"}],"wp:term":[{"taxonomy":"product_brand","embeddable":true,"href":"https:\/\/egassbarcelona.com\/ca\/wp-json\/wp\/v2\/product_brand?post=17543"},{"taxonomy":"product_cat","embeddable":true,"href":"https:\/\/egassbarcelona.com\/ca\/wp-json\/wp\/v2\/product_cat?post=17543"},{"taxonomy":"product_tag","embeddable":true,"href":"https:\/\/egassbarcelona.com\/ca\/wp-json\/wp\/v2\/product_tag?post=17543"}],"curies":[{"name":"wp","href":"https:\/\/api.w.org\/{rel}","templated":true}]}}