{"id":17499,"date":"2023-09-25T17:11:25","date_gmt":"2023-09-25T15:11:25","guid":{"rendered":"https:\/\/egassbarcelona.com\/?post_type=product&#038;p=17499"},"modified":"2023-10-26T18:19:00","modified_gmt":"2023-10-26T16:19:00","slug":"clemens-b","status":"publish","type":"product","link":"https:\/\/egassbarcelona.com\/ca\/producte\/clemens-b\/","title":{"rendered":"Clemens B"},"content":{"rendered":"<p>a sigui per a tu o com a regal per a alg\u00fa especial, la nostra polsera Clemens \u00e9s una opci\u00f3 excepcional. El que realment destaca en ella s\u00f3n les petites peces decoratives col\u00b7locades estrat\u00e8gicament al llarg de la cadena, que han estat dissenyades per crear un efecte de moviment suau i flu\u00eft mentre portes la polsera posada. El tractament galv\u00e0nic aplicat a la polsera garanteix la seva durabilitat, brillantor i resist\u00e8ncia a la decoloraci\u00f3.<\/p>\n","protected":false},"excerpt":{"rendered":"<p>Polsera prima de cadena amb petites peces que li donen moviment.<br \/>\nUtilitzem metall hipoalerg\u00e8nic banyat en or o plata segons el model i tractament galv\u00e0nic.<br \/>\nFeta a m\u00e0.<\/p>\n","protected":false},"featured_media":24376,"comment_status":"closed","ping_status":"closed","template":"","meta":{"_seopress_robots_primary_cat":"0","_seopress_titles_title":"","_seopress_titles_desc":"","_seopress_robots_index":""},"product_brand":[],"product_cat":[150],"product_tag":[],"class_list":{"0":"post-17499","1":"product","2":"type-product","3":"status-publish","4":"has-post-thumbnail","6":"product_cat-polseres","7":"pa_bano-oro-ca","8":"pa_bano-plata-ca-2","9":"pa_talla-l-ca","10":"pa_talla-m-ca","11":"pa_talla-s-ca","12":"pa_talla-xs-ca","14":"first","15":"instock","16":"taxable","17":"shipping-taxable","18":"purchasable","19":"product-type-variable"},"_links":{"self":[{"href":"https:\/\/egassbarcelona.com\/ca\/wp-json\/wp\/v2\/product\/17499","targetHints":{"allow":["GET"]}}],"collection":[{"href":"https:\/\/egassbarcelona.com\/ca\/wp-json\/wp\/v2\/product"}],"about":[{"href":"https:\/\/egassbarcelona.com\/ca\/wp-json\/wp\/v2\/types\/product"}],"replies":[{"embeddable":true,"href":"https:\/\/egassbarcelona.com\/ca\/wp-json\/wp\/v2\/comments?post=17499"}],"wp:featuredmedia":[{"embeddable":true,"href":"https:\/\/egassbarcelona.com\/ca\/wp-json\/wp\/v2\/media\/24376"}],"wp:attachment":[{"href":"https:\/\/egassbarcelona.com\/ca\/wp-json\/wp\/v2\/media?parent=17499"}],"wp:term":[{"taxonomy":"product_brand","embeddable":true,"href":"https:\/\/egassbarcelona.com\/ca\/wp-json\/wp\/v2\/product_brand?post=17499"},{"taxonomy":"product_cat","embeddable":true,"href":"https:\/\/egassbarcelona.com\/ca\/wp-json\/wp\/v2\/product_cat?post=17499"},{"taxonomy":"product_tag","embeddable":true,"href":"https:\/\/egassbarcelona.com\/ca\/wp-json\/wp\/v2\/product_tag?post=17499"}],"curies":[{"name":"wp","href":"https:\/\/api.w.org\/{rel}","templated":true}]}}