{"id":17483,"date":"2023-09-25T17:10:14","date_gmt":"2023-09-25T15:10:14","guid":{"rendered":"https:\/\/egassbarcelona.com\/?post_type=product&#038;p=17483"},"modified":"2023-10-26T18:20:08","modified_gmt":"2023-10-26T16:20:08","slug":"fina","status":"publish","type":"product","link":"https:\/\/egassbarcelona.com\/ca\/producte\/fina\/","title":{"rendered":"Fina"},"content":{"rendered":"<p>La polsera Fina t\u00e9 un disseny minimalista que s&#8217;adapta a qualsevol ocasi\u00f3 i estil. Aquesta pe\u00e7a delicada i estilitzada afegeix un toc de sofisticaci\u00f3 a la teva imatge sense ser aclaparadora. El seu disseny senzill i elegant la converteix en el complement ideal per lluir tant en esdeveniments formals com en ocasions informals.<\/p>\n","protected":false},"excerpt":{"rendered":"<p>Polsera delicada que combina zamak banyat en plata amb cuir. Tanca d&#8217;imant.<br \/>\nDisponible en diversos colors.<br \/>\nFeta a m\u00e0.<\/p>\n","protected":false},"featured_media":24391,"comment_status":"closed","ping_status":"closed","template":"","meta":{"_seopress_robots_primary_cat":"0","_seopress_titles_title":"","_seopress_titles_desc":"","_seopress_robots_index":""},"product_brand":[],"product_cat":[150],"product_tag":[],"class_list":{"0":"post-17483","1":"product","2":"type-product","3":"status-publish","4":"has-post-thumbnail","6":"product_cat-polseres","7":"pa_color-marro-ca","8":"pa_color-negre-ca-2","9":"pa_color-vermell-burdeus-ca","11":"first","12":"instock","13":"taxable","14":"shipping-taxable","15":"purchasable","16":"product-type-variable"},"_links":{"self":[{"href":"https:\/\/egassbarcelona.com\/ca\/wp-json\/wp\/v2\/product\/17483","targetHints":{"allow":["GET"]}}],"collection":[{"href":"https:\/\/egassbarcelona.com\/ca\/wp-json\/wp\/v2\/product"}],"about":[{"href":"https:\/\/egassbarcelona.com\/ca\/wp-json\/wp\/v2\/types\/product"}],"replies":[{"embeddable":true,"href":"https:\/\/egassbarcelona.com\/ca\/wp-json\/wp\/v2\/comments?post=17483"}],"wp:featuredmedia":[{"embeddable":true,"href":"https:\/\/egassbarcelona.com\/ca\/wp-json\/wp\/v2\/media\/24391"}],"wp:attachment":[{"href":"https:\/\/egassbarcelona.com\/ca\/wp-json\/wp\/v2\/media?parent=17483"}],"wp:term":[{"taxonomy":"product_brand","embeddable":true,"href":"https:\/\/egassbarcelona.com\/ca\/wp-json\/wp\/v2\/product_brand?post=17483"},{"taxonomy":"product_cat","embeddable":true,"href":"https:\/\/egassbarcelona.com\/ca\/wp-json\/wp\/v2\/product_cat?post=17483"},{"taxonomy":"product_tag","embeddable":true,"href":"https:\/\/egassbarcelona.com\/ca\/wp-json\/wp\/v2\/product_tag?post=17483"}],"curies":[{"name":"wp","href":"https:\/\/api.w.org\/{rel}","templated":true}]}}