{"id":17468,"date":"2023-09-25T17:04:14","date_gmt":"2023-09-25T15:04:14","guid":{"rendered":"https:\/\/egassbarcelona.com\/?post_type=product&#038;p=17468"},"modified":"2023-10-26T18:21:02","modified_gmt":"2023-10-26T16:21:02","slug":"diana-2","status":"publish","type":"product","link":"https:\/\/egassbarcelona.com\/ca\/producte\/diana-2\/","title":{"rendered":"Diana A"},"content":{"rendered":"<p>Descobreix les nostres elegants arracades d&#8217;anella martelle  allargades! Aquestes exquisides arracades presenten un disseny \u00fanic i modern, amb anella allargada delicadament martellejada per crear una fascinant textura superficial.<br \/>\nLa paraula &#8220;martelle&#8221; prov\u00e9 del franc\u00e8s i fa refer\u00e8ncia a l&#8217;efecte de martellejar o colpejar repetidament el metall per obtenir aquesta textura distintiva.<\/p>\n","protected":false},"excerpt":{"rendered":"<p>Elegants arracades d&#8217;anella allargada martelle.<br \/>\nDisponible l&#8217;opci\u00f3 de tanca  de clip, per a orella sense perforaci\u00f3, o l&#8217;opci\u00f3 est\u00e0ndard per a orella perforada. La tanca de pin\u00e7a \u00e9s diferent de la del model perforat.<br \/>\nFetes a m\u00e0.<br \/>\nMida: 4,5 cm.<\/p>\n","protected":false},"featured_media":24360,"comment_status":"closed","ping_status":"closed","template":"","meta":{"_seopress_robots_primary_cat":"149","_seopress_titles_title":"","_seopress_titles_desc":"","_seopress_robots_index":""},"product_brand":[],"product_cat":[149],"product_tag":[967,971,995],"class_list":{"0":"post-17468","1":"product","2":"type-product","3":"status-publish","4":"has-post-thumbnail","6":"product_cat-arracades","7":"product_tag-arracadas-de-clip","8":"product_tag-bany-dor","9":"product_tag-bany-de-plata","10":"pa_bano-oro-ca","11":"pa_bano-plata-ca-2","12":"pa_cierre-clip-ca","13":"pa_cierre-estandard","15":"first","16":"instock","17":"taxable","18":"shipping-taxable","19":"purchasable","20":"product-type-variable","21":"has-default-attributes"},"_links":{"self":[{"href":"https:\/\/egassbarcelona.com\/ca\/wp-json\/wp\/v2\/product\/17468","targetHints":{"allow":["GET"]}}],"collection":[{"href":"https:\/\/egassbarcelona.com\/ca\/wp-json\/wp\/v2\/product"}],"about":[{"href":"https:\/\/egassbarcelona.com\/ca\/wp-json\/wp\/v2\/types\/product"}],"replies":[{"embeddable":true,"href":"https:\/\/egassbarcelona.com\/ca\/wp-json\/wp\/v2\/comments?post=17468"}],"wp:featuredmedia":[{"embeddable":true,"href":"https:\/\/egassbarcelona.com\/ca\/wp-json\/wp\/v2\/media\/24360"}],"wp:attachment":[{"href":"https:\/\/egassbarcelona.com\/ca\/wp-json\/wp\/v2\/media?parent=17468"}],"wp:term":[{"taxonomy":"product_brand","embeddable":true,"href":"https:\/\/egassbarcelona.com\/ca\/wp-json\/wp\/v2\/product_brand?post=17468"},{"taxonomy":"product_cat","embeddable":true,"href":"https:\/\/egassbarcelona.com\/ca\/wp-json\/wp\/v2\/product_cat?post=17468"},{"taxonomy":"product_tag","embeddable":true,"href":"https:\/\/egassbarcelona.com\/ca\/wp-json\/wp\/v2\/product_tag?post=17468"}],"curies":[{"name":"wp","href":"https:\/\/api.w.org\/{rel}","templated":true}]}}