{"id":17434,"date":"2023-09-25T17:00:27","date_gmt":"2023-09-25T15:00:27","guid":{"rendered":"https:\/\/egassbarcelona.com\/?post_type=product&#038;p=17434"},"modified":"2023-10-26T18:22:19","modified_gmt":"2023-10-26T16:22:19","slug":"nefertiti","status":"publish","type":"product","link":"https:\/\/egassbarcelona.com\/ca\/producte\/nefertiti\/","title":{"rendered":"Nefertiti"},"content":{"rendered":"<p>Afegeix un toc de misteri i encant al teu look diari o a una ocasi\u00f3 especial. Amb les arracades Nefertiti, et sentir\u00e0s especial, destacant la teva feminilitat i empoderament.<\/p>\n","protected":false},"excerpt":{"rendered":"<p>Arracades Nefertiti inspirades en la bell\u00edssima reina eg\u00edpcia. Utilitzem metall hipoal\u00b7l\u00e8rgic com a base i bany d&#8217;or o plata segons el model.<br \/>\nDisponible amb tancament de clip per a orelles sense perforar o amb opci\u00f3 est\u00e0ndard per a orelles perforades. El tancament de clip \u00e9s diferent del del model perforat.<br \/>\nFetes a m\u00e0.<br \/>\nLongitud: 7 cm.<\/p>\n","protected":false},"featured_media":24333,"comment_status":"closed","ping_status":"closed","template":"","meta":{"_seopress_robots_primary_cat":"149","_seopress_titles_title":"","_seopress_titles_desc":"","_seopress_robots_index":""},"product_brand":[],"product_cat":[149],"product_tag":[],"class_list":{"0":"post-17434","1":"product","2":"type-product","3":"status-publish","4":"has-post-thumbnail","6":"product_cat-arracades","7":"pa_bano-oro-ca","8":"pa_bano-plata-ca-2","9":"pa_cierre-clip-ca","10":"pa_cierre-estandard","12":"first","13":"instock","14":"taxable","15":"shipping-taxable","16":"purchasable","17":"product-type-variable"},"_links":{"self":[{"href":"https:\/\/egassbarcelona.com\/ca\/wp-json\/wp\/v2\/product\/17434","targetHints":{"allow":["GET"]}}],"collection":[{"href":"https:\/\/egassbarcelona.com\/ca\/wp-json\/wp\/v2\/product"}],"about":[{"href":"https:\/\/egassbarcelona.com\/ca\/wp-json\/wp\/v2\/types\/product"}],"replies":[{"embeddable":true,"href":"https:\/\/egassbarcelona.com\/ca\/wp-json\/wp\/v2\/comments?post=17434"}],"wp:featuredmedia":[{"embeddable":true,"href":"https:\/\/egassbarcelona.com\/ca\/wp-json\/wp\/v2\/media\/24333"}],"wp:attachment":[{"href":"https:\/\/egassbarcelona.com\/ca\/wp-json\/wp\/v2\/media?parent=17434"}],"wp:term":[{"taxonomy":"product_brand","embeddable":true,"href":"https:\/\/egassbarcelona.com\/ca\/wp-json\/wp\/v2\/product_brand?post=17434"},{"taxonomy":"product_cat","embeddable":true,"href":"https:\/\/egassbarcelona.com\/ca\/wp-json\/wp\/v2\/product_cat?post=17434"},{"taxonomy":"product_tag","embeddable":true,"href":"https:\/\/egassbarcelona.com\/ca\/wp-json\/wp\/v2\/product_tag?post=17434"}],"curies":[{"name":"wp","href":"https:\/\/api.w.org\/{rel}","templated":true}]}}