{"id":17421,"date":"2023-09-25T17:22:30","date_gmt":"2023-09-25T15:22:30","guid":{"rendered":"https:\/\/egassbarcelona.com\/?post_type=product&#038;p=17421"},"modified":"2023-10-26T18:11:06","modified_gmt":"2023-10-26T16:11:06","slug":"monoitas","status":"publish","type":"product","link":"https:\/\/egassbarcelona.com\/ca\/producte\/monoitas\/","title":{"rendered":"Monoitas"},"content":{"rendered":"<p>Ja sigui que busquis un toc de sofisticaci\u00f3 per al teu look diari o vulguis brillar en una ocasi\u00f3 especial, les nostres arracdes Monoitas, originals i de formes arrodonides, s\u00f3n la elecci\u00f3 perfecta per complementar el teu estil personal.<br \/>\nLes arracdes s\u00f3n iguals al model &#8220;Itas&#8221;, per\u00f2 en un \u00fanic color.<\/p>\n","protected":false},"excerpt":{"rendered":"<p>Arracades originals creades combinant l&#8217;eleg\u00e0ncia de les formes rodones amb detalls innovadors i contemporanis. Utilitzem un metall hipoalerg\u00e8nic com a base i bany d&#8217;or o plata.<br \/>\nFetes a m\u00e0.<br \/>\nLongitud: 6,5 cm.<\/p>\n","protected":false},"featured_media":24322,"comment_status":"closed","ping_status":"closed","template":"","meta":{"_seopress_robots_primary_cat":"149","_seopress_titles_title":"","_seopress_titles_desc":"","_seopress_robots_index":""},"product_brand":[],"product_cat":[149],"product_tag":[],"class_list":{"0":"post-17421","1":"product","2":"type-product","3":"status-publish","4":"has-post-thumbnail","6":"product_cat-arracades","7":"pa_bano-oro-ca","8":"pa_bano-plata-ca-2","10":"first","11":"instock","12":"taxable","13":"shipping-taxable","14":"purchasable","15":"product-type-variable"},"_links":{"self":[{"href":"https:\/\/egassbarcelona.com\/ca\/wp-json\/wp\/v2\/product\/17421","targetHints":{"allow":["GET"]}}],"collection":[{"href":"https:\/\/egassbarcelona.com\/ca\/wp-json\/wp\/v2\/product"}],"about":[{"href":"https:\/\/egassbarcelona.com\/ca\/wp-json\/wp\/v2\/types\/product"}],"replies":[{"embeddable":true,"href":"https:\/\/egassbarcelona.com\/ca\/wp-json\/wp\/v2\/comments?post=17421"}],"wp:featuredmedia":[{"embeddable":true,"href":"https:\/\/egassbarcelona.com\/ca\/wp-json\/wp\/v2\/media\/24322"}],"wp:attachment":[{"href":"https:\/\/egassbarcelona.com\/ca\/wp-json\/wp\/v2\/media?parent=17421"}],"wp:term":[{"taxonomy":"product_brand","embeddable":true,"href":"https:\/\/egassbarcelona.com\/ca\/wp-json\/wp\/v2\/product_brand?post=17421"},{"taxonomy":"product_cat","embeddable":true,"href":"https:\/\/egassbarcelona.com\/ca\/wp-json\/wp\/v2\/product_cat?post=17421"},{"taxonomy":"product_tag","embeddable":true,"href":"https:\/\/egassbarcelona.com\/ca\/wp-json\/wp\/v2\/product_tag?post=17421"}],"curies":[{"name":"wp","href":"https:\/\/api.w.org\/{rel}","templated":true}]}}