{"id":17411,"date":"2023-09-25T16:59:26","date_gmt":"2023-09-25T14:59:26","guid":{"rendered":"https:\/\/egassbarcelona.com\/?post_type=product&#038;p=17411"},"modified":"2023-10-26T18:23:57","modified_gmt":"2023-10-26T16:23:57","slug":"itas","status":"publish","type":"product","link":"https:\/\/egassbarcelona.com\/ca\/producte\/itas\/","title":{"rendered":"Itas"},"content":{"rendered":"<p>Les nostres arracades bicolor combinen la subtilitat dels tons cl\u00e0ssics amb l&#8217;aud\u00e0cia dels contrastos moderns. Cada disseny ha estat cuidadosament concebut per real\u00e7ar els teus trets i complementar qualsevol look, ja sigui casual o elegant.<br \/>\nEls nostres materials d&#8217;alta qualitat garanteixen que aquestes peces siguin duradores i es converteixin en accessoris atemporals al teu joier.<\/p>\n","protected":false},"excerpt":{"rendered":"<p>Arracades originals creades combinant l&#8217;eleg\u00e0ncia de les formes rodones amb detalls innovadors i contemporanis.<br \/>\nUtilitzem metall hipoalerg\u00e8nic com a base, amb bany d&#8217;or o plata.<br \/>\nCom que s\u00f3n arracades bicolor, el color del bany de la part inferior de l&#8217;arrecada s&#8217;utilitza per identificar el model.<br \/>\nFetes a m\u00e0<br \/>\nLongitud: 6,5 cm.<\/p>\n","protected":false},"featured_media":24311,"comment_status":"closed","ping_status":"closed","template":"","meta":{"_seopress_robots_primary_cat":"0","_seopress_titles_title":"","_seopress_titles_desc":"","_seopress_robots_index":""},"product_brand":[],"product_cat":[149],"product_tag":[991,992,985,986],"class_list":{"0":"post-17411","1":"product","2":"type-product","3":"status-publish","4":"has-post-thumbnail","6":"product_cat-arracades","7":"product_tag-arracades-bicolor","8":"product_tag-arracades-originals","9":"product_tag-baby-or","10":"product_tag-baby-plata","11":"pa_bano-oro-ca","12":"pa_bano-plata-ca-2","14":"first","15":"instock","16":"taxable","17":"shipping-taxable","18":"purchasable","19":"product-type-variable"},"_links":{"self":[{"href":"https:\/\/egassbarcelona.com\/ca\/wp-json\/wp\/v2\/product\/17411","targetHints":{"allow":["GET"]}}],"collection":[{"href":"https:\/\/egassbarcelona.com\/ca\/wp-json\/wp\/v2\/product"}],"about":[{"href":"https:\/\/egassbarcelona.com\/ca\/wp-json\/wp\/v2\/types\/product"}],"replies":[{"embeddable":true,"href":"https:\/\/egassbarcelona.com\/ca\/wp-json\/wp\/v2\/comments?post=17411"}],"wp:featuredmedia":[{"embeddable":true,"href":"https:\/\/egassbarcelona.com\/ca\/wp-json\/wp\/v2\/media\/24311"}],"wp:attachment":[{"href":"https:\/\/egassbarcelona.com\/ca\/wp-json\/wp\/v2\/media?parent=17411"}],"wp:term":[{"taxonomy":"product_brand","embeddable":true,"href":"https:\/\/egassbarcelona.com\/ca\/wp-json\/wp\/v2\/product_brand?post=17411"},{"taxonomy":"product_cat","embeddable":true,"href":"https:\/\/egassbarcelona.com\/ca\/wp-json\/wp\/v2\/product_cat?post=17411"},{"taxonomy":"product_tag","embeddable":true,"href":"https:\/\/egassbarcelona.com\/ca\/wp-json\/wp\/v2\/product_tag?post=17411"}],"curies":[{"name":"wp","href":"https:\/\/api.w.org\/{rel}","templated":true}]}}