{"id":17398,"date":"2023-09-25T16:57:58","date_gmt":"2023-09-25T14:57:58","guid":{"rendered":"https:\/\/egassbarcelona.com\/?post_type=product&#038;p=17398"},"modified":"2023-10-26T18:26:29","modified_gmt":"2023-10-26T16:26:29","slug":"larina","status":"publish","type":"product","link":"https:\/\/egassbarcelona.com\/ca\/producte\/larina\/","title":{"rendered":"Larina"},"content":{"rendered":"<p>Creats amb materials de gran qualitat, les nostres arracades Larina s&#8217;adapten c\u00f2modament a les teves orelles i aporten un toc de misteri a la teva aparen\u00e7a. Ja sigui per a una ocasi\u00f3 especial o per a l&#8217;\u00fas diari, aquestes arracades s\u00f3n una elecci\u00f3 perfecta per a aquelles persones que busquen destacar amb un toc atrevit i elegant.<\/p>\n","protected":false},"excerpt":{"rendered":"<p>Arracades de disseny ondulat, elaborades amb materials de gran qualitat per proporcionar tanta durabilitat com bellesa. Utilitzem un metall hipoalerg\u00e8nic com a base i bany d&#8217;or o plata segons el model.<br \/>\nDisponible amb tancament de clip per a orelles sense perforar o en opci\u00f3 est\u00e0ndard per a orelles perforades. Fetes a m\u00e0.<br \/>\nLongitud: 7 cm.<\/p>\n","protected":false},"featured_media":24283,"comment_status":"closed","ping_status":"closed","template":"","meta":{"_seopress_robots_primary_cat":"0","_seopress_titles_title":"","_seopress_titles_desc":"","_seopress_robots_index":""},"product_brand":[],"product_cat":[149],"product_tag":[],"class_list":{"0":"post-17398","1":"product","2":"type-product","3":"status-publish","4":"has-post-thumbnail","6":"product_cat-arracades","7":"pa_bano-oro-ca","8":"pa_bano-plata-ca-2","9":"pa_cierre-clip-ca","10":"pa_cierre-estandard","12":"first","13":"instock","14":"taxable","15":"shipping-taxable","16":"purchasable","17":"product-type-variable"},"_links":{"self":[{"href":"https:\/\/egassbarcelona.com\/ca\/wp-json\/wp\/v2\/product\/17398","targetHints":{"allow":["GET"]}}],"collection":[{"href":"https:\/\/egassbarcelona.com\/ca\/wp-json\/wp\/v2\/product"}],"about":[{"href":"https:\/\/egassbarcelona.com\/ca\/wp-json\/wp\/v2\/types\/product"}],"replies":[{"embeddable":true,"href":"https:\/\/egassbarcelona.com\/ca\/wp-json\/wp\/v2\/comments?post=17398"}],"wp:featuredmedia":[{"embeddable":true,"href":"https:\/\/egassbarcelona.com\/ca\/wp-json\/wp\/v2\/media\/24283"}],"wp:attachment":[{"href":"https:\/\/egassbarcelona.com\/ca\/wp-json\/wp\/v2\/media?parent=17398"}],"wp:term":[{"taxonomy":"product_brand","embeddable":true,"href":"https:\/\/egassbarcelona.com\/ca\/wp-json\/wp\/v2\/product_brand?post=17398"},{"taxonomy":"product_cat","embeddable":true,"href":"https:\/\/egassbarcelona.com\/ca\/wp-json\/wp\/v2\/product_cat?post=17398"},{"taxonomy":"product_tag","embeddable":true,"href":"https:\/\/egassbarcelona.com\/ca\/wp-json\/wp\/v2\/product_tag?post=17398"}],"curies":[{"name":"wp","href":"https:\/\/api.w.org\/{rel}","templated":true}]}}