{"id":17291,"date":"2023-09-25T17:19:50","date_gmt":"2023-09-25T15:19:50","guid":{"rendered":"https:\/\/egassbarcelona.com\/?post_type=product&#038;p=17291"},"modified":"2023-10-26T18:15:31","modified_gmt":"2023-10-26T16:15:31","slug":"17291","status":"publish","type":"product","link":"https:\/\/egassbarcelona.com\/ca\/producte\/17291\/","title":{"rendered":"Jana"},"content":{"rendered":"<p>Aquestes joies destaquen pel seu disseny contemporani i la seva silueta allargada, que aporta sofisticaci\u00f3 a qualsevol conjunt amb un toc contemporani, creant un accessoris vers\u00e0til i captivador per a cada ocasi\u00f3.&#8221;<\/p>\n","protected":false},"excerpt":{"rendered":"<p>Les nostres arracades presenten una forma elegant i estilitzada, amb anelles que s&#8217;allarguen suament de dos, tres o quatre elements, en bany d&#8217;or o plata segons el model.<br \/>\nExisteix l&#8217;opci\u00f3 de tanc de clip per a orella sense perforar, o l&#8217;opci\u00f3 est\u00e0ndard per a orella perforada.<br \/>\nFets a m\u00e0.<br \/>\nLongitud: TM, TL, TXL.&#8221;<\/p>\n","protected":false},"featured_media":24257,"comment_status":"closed","ping_status":"closed","template":"","meta":{"_seopress_robots_primary_cat":"0","_seopress_titles_title":"","_seopress_titles_desc":"","_seopress_robots_index":""},"product_brand":[],"product_cat":[149],"product_tag":[967,985,986],"class_list":{"0":"post-17291","1":"product","2":"type-product","3":"status-publish","4":"has-post-thumbnail","6":"product_cat-arracades","7":"product_tag-arracadas-de-clip","8":"product_tag-baby-or","9":"product_tag-baby-plata","10":"pa_bano-oro-ca","11":"pa_bano-plata-ca-2","12":"pa_cierre-clip-ca","13":"pa_cierre-estandard","14":"pa_talla-l-ca","15":"pa_talla-m-ca","17":"first","18":"instock","19":"taxable","20":"shipping-taxable","21":"purchasable","22":"product-type-variable"},"_links":{"self":[{"href":"https:\/\/egassbarcelona.com\/ca\/wp-json\/wp\/v2\/product\/17291","targetHints":{"allow":["GET"]}}],"collection":[{"href":"https:\/\/egassbarcelona.com\/ca\/wp-json\/wp\/v2\/product"}],"about":[{"href":"https:\/\/egassbarcelona.com\/ca\/wp-json\/wp\/v2\/types\/product"}],"replies":[{"embeddable":true,"href":"https:\/\/egassbarcelona.com\/ca\/wp-json\/wp\/v2\/comments?post=17291"}],"wp:featuredmedia":[{"embeddable":true,"href":"https:\/\/egassbarcelona.com\/ca\/wp-json\/wp\/v2\/media\/24257"}],"wp:attachment":[{"href":"https:\/\/egassbarcelona.com\/ca\/wp-json\/wp\/v2\/media?parent=17291"}],"wp:term":[{"taxonomy":"product_brand","embeddable":true,"href":"https:\/\/egassbarcelona.com\/ca\/wp-json\/wp\/v2\/product_brand?post=17291"},{"taxonomy":"product_cat","embeddable":true,"href":"https:\/\/egassbarcelona.com\/ca\/wp-json\/wp\/v2\/product_cat?post=17291"},{"taxonomy":"product_tag","embeddable":true,"href":"https:\/\/egassbarcelona.com\/ca\/wp-json\/wp\/v2\/product_tag?post=17291"}],"curies":[{"name":"wp","href":"https:\/\/api.w.org\/{rel}","templated":true}]}}