{"id":17215,"date":"2020-12-08T04:42:56","date_gmt":"2020-12-08T03:42:56","guid":{"rendered":"https:\/\/egassbarcelona.com\/product\/noa-a\/"},"modified":"2023-07-17T15:13:13","modified_gmt":"2023-07-17T13:13:13","slug":"noa-a","status":"publish","type":"product","link":"https:\/\/egassbarcelona.com\/ca\/producte\/noa-a\/","title":{"rendered":"Noa A"},"content":{"rendered":"<p>Arracades molt elegants que estilitzen i afavoreixen la cara.<\/p>\n","protected":false},"excerpt":{"rendered":"<p>Arracades llargues molt fines i afavoridors realitzats amb dues cadenes xapades en plata. Disponibles en color plata o bicolor, or vell i plata i en dues talles.<br \/>\nHi ha l&#8217;opci\u00f3 tancament de clip, per a orella sense perforaci\u00f3, o l&#8217;opci\u00f3 est\u00e0ndard per a orella perforada. El tancament de clip \u00e9s diferent al del model perforat.<br \/>\nFets a m\u00e0.<br \/>\nTS: 5 cm. TM: 7 cm.<\/p>\n","protected":false},"featured_media":23803,"comment_status":"closed","ping_status":"closed","template":"","meta":{"_seopress_robots_primary_cat":"149","_seopress_titles_title":"","_seopress_titles_desc":"","_seopress_robots_index":""},"product_brand":[],"product_cat":[149,510],"product_tag":[196],"class_list":{"0":"post-17215","1":"product","2":"type-product","3":"status-publish","4":"has-post-thumbnail","6":"product_cat-arracades","7":"product_cat-novetats","8":"product_tag-fet-a-ma","9":"pa_bano-plata-ca-2","10":"pa_cierre-clip-ca","11":"pa_cierre-estandard","12":"pa_talla-m-ca","13":"pa_talla-s-ca","15":"first","16":"instock","17":"taxable","18":"shipping-taxable","19":"purchasable","20":"product-type-variable","21":"has-default-attributes"},"_links":{"self":[{"href":"https:\/\/egassbarcelona.com\/ca\/wp-json\/wp\/v2\/product\/17215","targetHints":{"allow":["GET"]}}],"collection":[{"href":"https:\/\/egassbarcelona.com\/ca\/wp-json\/wp\/v2\/product"}],"about":[{"href":"https:\/\/egassbarcelona.com\/ca\/wp-json\/wp\/v2\/types\/product"}],"replies":[{"embeddable":true,"href":"https:\/\/egassbarcelona.com\/ca\/wp-json\/wp\/v2\/comments?post=17215"}],"wp:featuredmedia":[{"embeddable":true,"href":"https:\/\/egassbarcelona.com\/ca\/wp-json\/wp\/v2\/media\/23803"}],"wp:attachment":[{"href":"https:\/\/egassbarcelona.com\/ca\/wp-json\/wp\/v2\/media?parent=17215"}],"wp:term":[{"taxonomy":"product_brand","embeddable":true,"href":"https:\/\/egassbarcelona.com\/ca\/wp-json\/wp\/v2\/product_brand?post=17215"},{"taxonomy":"product_cat","embeddable":true,"href":"https:\/\/egassbarcelona.com\/ca\/wp-json\/wp\/v2\/product_cat?post=17215"},{"taxonomy":"product_tag","embeddable":true,"href":"https:\/\/egassbarcelona.com\/ca\/wp-json\/wp\/v2\/product_tag?post=17215"}],"curies":[{"name":"wp","href":"https:\/\/api.w.org\/{rel}","templated":true}]}}