{"id":16724,"date":"2021-12-04T22:05:48","date_gmt":"2021-12-04T21:05:48","guid":{"rendered":"https:\/\/egassbarcelona.com\/product\/arcturus\/"},"modified":"2023-10-30T00:15:07","modified_gmt":"2023-10-29T23:15:07","slug":"arcturus","status":"publish","type":"product","link":"https:\/\/egassbarcelona.com\/ca\/producte\/arcturus\/","title":{"rendered":"Arcturus"},"content":{"rendered":"<p>Afegeix un toc espectacular al teu estil amb aquesta impressionant polsera ampla feta a m\u00e0. Sigui per a una ocasi\u00f3 especial o per real\u00e7ar el teu vestit diari, aquesta polsera \u00e9s un accessori que no passar\u00e0 desapercebut. El color predominant \u00e9s el que defineix la polsera a la carta de colors, de manera que la polsera bordeus \u00e9s bordeus i negra.<br \/>\nPer mesurar el per\u00edmetre del canell, agafa un cordill o un tros de cinta amb el qual puguis envoltar-te el canell. Marca al cordill on es trobi sense apretar massa. Despr\u00e9s, porta aquest mateix cordill a una regla, superposa-la i mesura la longitud en cent\u00edmetres que t\u00e9 el per\u00edmetre del teu canell.<\/p>\n<p>Totes les nostres peces es fan una a una a m\u00e0, de manera que si necessites alguna talla o color que no trobis, si us plau, escriu-nos i, si \u00e9s possible, te la farem encantades.<\/p>\n<p>Ingl\u00e9s:<\/p>\n","protected":false},"excerpt":{"rendered":"<p>Una espectacular polsera ampla composta de diverses tires de pell de 5 mm en bordeus o camell combinades amb negre. Lila o verd combinat amb blanc o totalment negre. Acabada amb una gran tanca magn\u00e8tica de zamak banyat en plata, durable i atractiva a la vista. Amb una amplada de 6 cm, aquesta polsera destaca i afegeix un toc d&#8217;eleg\u00e0ncia i sofisticaci\u00f3 al teu estil.<\/p>\n<p>Feta a m\u00e0.<\/p>\n<p>Talles. Mida de la munyeca:<br \/>\nXS: 14 cm | S: 15 cm | M: 16 cm | L: 17 cm<\/p>\n","protected":false},"featured_media":23974,"comment_status":"closed","ping_status":"closed","template":"","meta":{"_seopress_robots_primary_cat":"510","_seopress_titles_title":"","_seopress_titles_desc":"","_seopress_robots_index":""},"product_brand":[],"product_cat":[510,150],"product_tag":[228],"class_list":{"0":"post-16724","1":"product","2":"type-product","3":"status-publish","4":"has-post-thumbnail","6":"product_cat-novetats","7":"product_cat-polseres","8":"product_tag-pell","9":"pa_color-camel-ca-2","10":"pa_color-marro-xocolata-ca-ca","11":"pa_color-negre-ca","12":"pa_color-verde-ca","13":"pa_color-vermell-burdeus-ca","14":"pa_talla-l-ca","15":"pa_talla-m-ca","16":"pa_talla-s-ca","17":"pa_talla-xs-ca","19":"first","20":"instock","21":"taxable","22":"shipping-taxable","23":"purchasable","24":"product-type-variable","25":"has-default-attributes"},"_links":{"self":[{"href":"https:\/\/egassbarcelona.com\/ca\/wp-json\/wp\/v2\/product\/16724","targetHints":{"allow":["GET"]}}],"collection":[{"href":"https:\/\/egassbarcelona.com\/ca\/wp-json\/wp\/v2\/product"}],"about":[{"href":"https:\/\/egassbarcelona.com\/ca\/wp-json\/wp\/v2\/types\/product"}],"replies":[{"embeddable":true,"href":"https:\/\/egassbarcelona.com\/ca\/wp-json\/wp\/v2\/comments?post=16724"}],"wp:featuredmedia":[{"embeddable":true,"href":"https:\/\/egassbarcelona.com\/ca\/wp-json\/wp\/v2\/media\/23974"}],"wp:attachment":[{"href":"https:\/\/egassbarcelona.com\/ca\/wp-json\/wp\/v2\/media?parent=16724"}],"wp:term":[{"taxonomy":"product_brand","embeddable":true,"href":"https:\/\/egassbarcelona.com\/ca\/wp-json\/wp\/v2\/product_brand?post=16724"},{"taxonomy":"product_cat","embeddable":true,"href":"https:\/\/egassbarcelona.com\/ca\/wp-json\/wp\/v2\/product_cat?post=16724"},{"taxonomy":"product_tag","embeddable":true,"href":"https:\/\/egassbarcelona.com\/ca\/wp-json\/wp\/v2\/product_tag?post=16724"}],"curies":[{"name":"wp","href":"https:\/\/api.w.org\/{rel}","templated":true}]}}