{"id":16692,"date":"2023-01-01T23:06:38","date_gmt":"2023-01-01T22:06:38","guid":{"rendered":"https:\/\/egassbarcelona.com\/product\/dama\/"},"modified":"2023-10-26T18:32:12","modified_gmt":"2023-10-26T16:32:12","slug":"dama","status":"publish","type":"product","link":"https:\/\/egassbarcelona.com\/ca\/producte\/dama\/","title":{"rendered":"Dama"},"content":{"rendered":"<p>Per mesurar el per\u00edmetre del canell, agafa una corda o un tros de cinta amb qu\u00e8 et puguis envoltar el canell.  Marca a la corda on s&#8217;ajunti per\u00f2 sense que t&#8217;estrenyi.  Aquesta mateixa corda porta-la a una regla superposant-la i mesurant la longitud en cent\u00edmetres que t\u00e9 el per\u00edmetre del teu canell.<\/p>\n<p>Totes les nostres peces estan fetes una a una a m\u00e0, aix\u00ed que si necessites alguna talla que no trobes, si us plau escriu-nos i, si \u00e9s possible, te la farem encantades.<\/p>\n","protected":false},"excerpt":{"rendered":"<p>Polsera amb set tires de cuir pla de 5mm i tancament d&#8217;imant de disseny de tauler de zamak banyat en plata o or segons model.  F\u00e0cil de posar i de combinar.  Feta a m\u00e0.<\/p>\n<p>Disponible en diversos colors i talles.<\/p>\n<p>Talles (per\u00edmetro del canell):<br \/>\nXS: 14 cm | S: 15 cm | M: 16 cm | L: 17 cm | XL: 18<\/p>\n","protected":false},"featured_media":24213,"comment_status":"closed","ping_status":"closed","template":"","meta":{"_seopress_robots_primary_cat":"510","_seopress_titles_title":"","_seopress_titles_desc":"","_seopress_robots_index":""},"product_brand":[],"product_cat":[510,150],"product_tag":[],"class_list":{"0":"post-16692","1":"product","2":"type-product","3":"status-publish","4":"has-post-thumbnail","6":"product_cat-novetats","7":"product_cat-polseres","8":"pa_bano-oro-ca","9":"pa_bano-plata-ca-2","10":"pa_color-blanc-ca","11":"pa_color-blau-ca","12":"pa_color-camel-ca-2","13":"pa_color-negre-ca-2","14":"pa_color-verde-ca","15":"pa_talla-l-ca","16":"pa_talla-m-ca","17":"pa_talla-s-ca","19":"first","20":"instock","21":"taxable","22":"shipping-taxable","23":"purchasable","24":"product-type-variable","25":"has-default-attributes"},"_links":{"self":[{"href":"https:\/\/egassbarcelona.com\/ca\/wp-json\/wp\/v2\/product\/16692","targetHints":{"allow":["GET"]}}],"collection":[{"href":"https:\/\/egassbarcelona.com\/ca\/wp-json\/wp\/v2\/product"}],"about":[{"href":"https:\/\/egassbarcelona.com\/ca\/wp-json\/wp\/v2\/types\/product"}],"replies":[{"embeddable":true,"href":"https:\/\/egassbarcelona.com\/ca\/wp-json\/wp\/v2\/comments?post=16692"}],"wp:featuredmedia":[{"embeddable":true,"href":"https:\/\/egassbarcelona.com\/ca\/wp-json\/wp\/v2\/media\/24213"}],"wp:attachment":[{"href":"https:\/\/egassbarcelona.com\/ca\/wp-json\/wp\/v2\/media?parent=16692"}],"wp:term":[{"taxonomy":"product_brand","embeddable":true,"href":"https:\/\/egassbarcelona.com\/ca\/wp-json\/wp\/v2\/product_brand?post=16692"},{"taxonomy":"product_cat","embeddable":true,"href":"https:\/\/egassbarcelona.com\/ca\/wp-json\/wp\/v2\/product_cat?post=16692"},{"taxonomy":"product_tag","embeddable":true,"href":"https:\/\/egassbarcelona.com\/ca\/wp-json\/wp\/v2\/product_tag?post=16692"}],"curies":[{"name":"wp","href":"https:\/\/api.w.org\/{rel}","templated":true}]}}