{"id":16655,"date":"2023-01-01T21:45:19","date_gmt":"2023-01-01T20:45:19","guid":{"rendered":"https:\/\/egassbarcelona.com\/product\/16655\/"},"modified":"2025-04-15T23:09:07","modified_gmt":"2025-04-15T21:09:07","slug":"doble-square","status":"publish","type":"product","link":"https:\/\/egassbarcelona.com\/ca\/producte\/doble-square\/","title":{"rendered":"Doble Square"},"content":{"rendered":"<p>Una pe\u00e7a vers\u00e0til i lluminosa, perfecta per donar un toc especial a qualsevol ocasi\u00f3.<\/p>\n","protected":false},"excerpt":{"rendered":"<p>Arracades de doble pe\u00e7a quadrada elaborades en metall banyat en or i plata. Disponibles en dues combinacions: amb la base en or i la pe\u00e7a superior en plata, o a l\u2019inrev\u00e9s. S\u00f3n molt lleugeres, c\u00f2modes de portar i disponibles tant amb tancament de clip (per a orelles sense perforaci\u00f3) com amb el tancament est\u00e0ndard per a orelles perforades.<br \/>\nFet a m\u00e0.<br \/>\nLongitud: 7,5 cm.<\/p>\n","protected":false},"featured_media":24185,"comment_status":"closed","ping_status":"closed","template":"","meta":{"_seopress_robots_primary_cat":"149","_seopress_titles_title":"","_seopress_titles_desc":"","_seopress_robots_index":""},"product_brand":[],"product_cat":[149],"product_tag":[967,991],"class_list":{"0":"post-16655","1":"product","2":"type-product","3":"status-publish","4":"has-post-thumbnail","6":"product_cat-arracades","7":"product_tag-arracadas-de-clip","8":"product_tag-arracades-bicolor","9":"pa_bano-oro-ca","10":"pa_bano-plata-ca-2","11":"pa_cierre-clip-ca","12":"pa_cierre-estandard","14":"first","15":"instock","16":"taxable","17":"shipping-taxable","18":"purchasable","19":"product-type-variable","20":"has-default-attributes"},"_links":{"self":[{"href":"https:\/\/egassbarcelona.com\/ca\/wp-json\/wp\/v2\/product\/16655","targetHints":{"allow":["GET"]}}],"collection":[{"href":"https:\/\/egassbarcelona.com\/ca\/wp-json\/wp\/v2\/product"}],"about":[{"href":"https:\/\/egassbarcelona.com\/ca\/wp-json\/wp\/v2\/types\/product"}],"replies":[{"embeddable":true,"href":"https:\/\/egassbarcelona.com\/ca\/wp-json\/wp\/v2\/comments?post=16655"}],"wp:featuredmedia":[{"embeddable":true,"href":"https:\/\/egassbarcelona.com\/ca\/wp-json\/wp\/v2\/media\/24185"}],"wp:attachment":[{"href":"https:\/\/egassbarcelona.com\/ca\/wp-json\/wp\/v2\/media?parent=16655"}],"wp:term":[{"taxonomy":"product_brand","embeddable":true,"href":"https:\/\/egassbarcelona.com\/ca\/wp-json\/wp\/v2\/product_brand?post=16655"},{"taxonomy":"product_cat","embeddable":true,"href":"https:\/\/egassbarcelona.com\/ca\/wp-json\/wp\/v2\/product_cat?post=16655"},{"taxonomy":"product_tag","embeddable":true,"href":"https:\/\/egassbarcelona.com\/ca\/wp-json\/wp\/v2\/product_tag?post=16655"}],"curies":[{"name":"wp","href":"https:\/\/api.w.org\/{rel}","templated":true}]}}