{"id":16649,"date":"2023-01-01T21:20:29","date_gmt":"2023-01-01T20:20:29","guid":{"rendered":"https:\/\/egassbarcelona.com\/product\/sumi\/"},"modified":"2023-10-30T00:15:57","modified_gmt":"2023-10-29T23:15:57","slug":"sumi","status":"publish","type":"product","link":"https:\/\/egassbarcelona.com\/ca\/producte\/sumi\/","title":{"rendered":"Sumi"},"content":{"rendered":"<p>Aquest collaret llarg de nubuc \u00e9s una declaraci\u00f3 de moda en si mateix. Creat a m\u00e0 amb atenci\u00f3 als detalls, combina la suavitat i l&#8217;eleg\u00e0ncia del nubuc amb una bonica pe\u00e7a de resina negra que s&#8217;assembla a una pedra. Senzill i molt elegant.<\/p>\n","protected":false},"excerpt":{"rendered":"<p>Collaret llarg de nubuc i pe\u00e7a negra de resina que simula una pedra per\u00f2 lleugera.<br \/>\nLa pe\u00e7a de resina negra en forma de pedra afegeix un toc de misteri i estil a aquest collaret.<br \/>\nTancament i cadena per ajustar la mida de zamak banyat.<br \/>\nFet a m\u00e0.<\/p>\n<p>TS: 44 cm. TM: 46 cm. TL: 48 cm.<\/p>\n","protected":false},"featured_media":24173,"comment_status":"closed","ping_status":"closed","template":"","meta":{"_seopress_robots_primary_cat":"510","_seopress_titles_title":"","_seopress_titles_desc":"","_seopress_robots_index":""},"product_brand":[],"product_cat":[81,510],"product_tag":[501,462,521],"class_list":{"0":"post-16649","1":"product","2":"type-product","3":"status-publish","4":"has-post-thumbnail","6":"product_cat-collarets","7":"product_cat-novetats","8":"product_tag-ante-ca","9":"product_tag-resina-ca","10":"product_tag-zamak-banado-en-plata-ca","11":"pa_talla-l-ca","12":"pa_talla-m-ca","13":"pa_talla-s-ca","15":"first","16":"instock","17":"taxable","18":"shipping-taxable","19":"purchasable","20":"product-type-variable"},"_links":{"self":[{"href":"https:\/\/egassbarcelona.com\/ca\/wp-json\/wp\/v2\/product\/16649","targetHints":{"allow":["GET"]}}],"collection":[{"href":"https:\/\/egassbarcelona.com\/ca\/wp-json\/wp\/v2\/product"}],"about":[{"href":"https:\/\/egassbarcelona.com\/ca\/wp-json\/wp\/v2\/types\/product"}],"replies":[{"embeddable":true,"href":"https:\/\/egassbarcelona.com\/ca\/wp-json\/wp\/v2\/comments?post=16649"}],"wp:featuredmedia":[{"embeddable":true,"href":"https:\/\/egassbarcelona.com\/ca\/wp-json\/wp\/v2\/media\/24173"}],"wp:attachment":[{"href":"https:\/\/egassbarcelona.com\/ca\/wp-json\/wp\/v2\/media?parent=16649"}],"wp:term":[{"taxonomy":"product_brand","embeddable":true,"href":"https:\/\/egassbarcelona.com\/ca\/wp-json\/wp\/v2\/product_brand?post=16649"},{"taxonomy":"product_cat","embeddable":true,"href":"https:\/\/egassbarcelona.com\/ca\/wp-json\/wp\/v2\/product_cat?post=16649"},{"taxonomy":"product_tag","embeddable":true,"href":"https:\/\/egassbarcelona.com\/ca\/wp-json\/wp\/v2\/product_tag?post=16649"}],"curies":[{"name":"wp","href":"https:\/\/api.w.org\/{rel}","templated":true}]}}