{"id":16606,"date":"2022-07-07T18:41:44","date_gmt":"2022-07-07T16:41:44","guid":{"rendered":"https:\/\/egassbarcelona.com\/product\/16606\/"},"modified":"2023-10-26T18:36:35","modified_gmt":"2023-10-26T16:36:35","slug":"sophie","status":"publish","type":"product","link":"https:\/\/egassbarcelona.com\/ca\/producte\/sophie\/","title":{"rendered":"Sophie"},"content":{"rendered":"<p>Les arracades de doble anella allargada s\u00f3n una elecci\u00f3 vers\u00e0til que s&#8217;adapta perfectament a qualsevol ocasi\u00f3. Tant si busques un toc elegant per a una nit especial com si vols afegir una dosi de glamour al teu look diari, aquestes arracades s\u00f3n la elecci\u00f3 ideal.<\/p>\n","protected":false},"excerpt":{"rendered":"<p>Arracades de doble anella enlla\u00e7ada lleugerament allargada i enlla\u00e7ada de metall hipoal\u00b7l\u00e8rgic com a base, bany d&#8217;or o plata segons el model i tractament galv\u00e0nic.<br \/>\nDisponible amb tanca de clip per a orelles sense perforar o en opci\u00f3 est\u00e0ndard per a orelles perforades.<br \/>\nFetes a m\u00e0.<br \/>\nMida: 6,5 cm.<\/p>\n","protected":false},"featured_media":24138,"comment_status":"closed","ping_status":"closed","template":"","meta":{"_seopress_robots_primary_cat":"149","_seopress_titles_title":"","_seopress_titles_desc":"","_seopress_robots_index":""},"product_brand":[],"product_cat":[149],"product_tag":[967],"class_list":{"0":"post-16606","1":"product","2":"type-product","3":"status-publish","4":"has-post-thumbnail","6":"product_cat-arracades","7":"product_tag-arracadas-de-clip","8":"pa_bano-oro-ca","9":"pa_bano-plata-ca-2","10":"pa_cierre-clip-ca","11":"pa_cierre-estandard","13":"first","14":"instock","15":"taxable","16":"shipping-taxable","17":"purchasable","18":"product-type-variable","19":"has-default-attributes"},"_links":{"self":[{"href":"https:\/\/egassbarcelona.com\/ca\/wp-json\/wp\/v2\/product\/16606","targetHints":{"allow":["GET"]}}],"collection":[{"href":"https:\/\/egassbarcelona.com\/ca\/wp-json\/wp\/v2\/product"}],"about":[{"href":"https:\/\/egassbarcelona.com\/ca\/wp-json\/wp\/v2\/types\/product"}],"replies":[{"embeddable":true,"href":"https:\/\/egassbarcelona.com\/ca\/wp-json\/wp\/v2\/comments?post=16606"}],"wp:featuredmedia":[{"embeddable":true,"href":"https:\/\/egassbarcelona.com\/ca\/wp-json\/wp\/v2\/media\/24138"}],"wp:attachment":[{"href":"https:\/\/egassbarcelona.com\/ca\/wp-json\/wp\/v2\/media?parent=16606"}],"wp:term":[{"taxonomy":"product_brand","embeddable":true,"href":"https:\/\/egassbarcelona.com\/ca\/wp-json\/wp\/v2\/product_brand?post=16606"},{"taxonomy":"product_cat","embeddable":true,"href":"https:\/\/egassbarcelona.com\/ca\/wp-json\/wp\/v2\/product_cat?post=16606"},{"taxonomy":"product_tag","embeddable":true,"href":"https:\/\/egassbarcelona.com\/ca\/wp-json\/wp\/v2\/product_tag?post=16606"}],"curies":[{"name":"wp","href":"https:\/\/api.w.org\/{rel}","templated":true}]}}