{"id":16041,"date":"2022-04-05T07:55:43","date_gmt":"2022-04-05T05:55:43","guid":{"rendered":"https:\/\/egassbarcelona.com\/product\/alexix\/"},"modified":"2023-11-01T22:09:42","modified_gmt":"2023-11-01T21:09:42","slug":"alexis","status":"publish","type":"product","link":"https:\/\/egassbarcelona.com\/ca\/producte\/alexis\/","title":{"rendered":"Alexis"},"content":{"rendered":"<p>Polsera moderna i diferent, et donar\u00e0 una imatge jovial i actual.<br \/>\n En cas que vulguis aquesta polsera per a dona, utilitzar talles dona i aclarir-ho a comentaris.<\/p>\n<p>Talles: Mesura del canell home.<br \/>\n TS: 17cm.|  TM: 18cm.  |  TL: 19cm.  |TXL:20cm<br \/>\n Per mesurar el per\u00edmetre del canell, agafa una corda o un tros de cinta amb qu\u00e8 et puguis envoltar el canell.  Marca a la corda on s&#8217;ajunti per\u00f2 sense que t&#8217;estrenyi.  Aquesta mateixa corda porta-la a una regla superposant-la i mesurant la longitud en cent\u00edmetres que t\u00e9 el per\u00edmetre del teu canell.<\/p>\n<p>Totes les nostres peces estan fetes una a una a m\u00e0, aix\u00ed que si necessites alguna talla que no trobes, si us plau escriu-nos i, si \u00e9s possible, te la farem encantades.<\/p>\n","protected":false},"excerpt":{"rendered":"<p>Polsera de pell de doble tira adherida a una pe\u00e7a semi r\u00edgida de zamak banyat en plata.  Tanca d&#8217;imant incorporat a la mateixa pe\u00e7a.  Feta a m\u00e0.<\/p>\n<p> Disponible en negre o marr\u00f3.<\/p>\n<p> Talles home.  Mesura del canell:<br \/>\n TS: 17cm.|  TM: 18cm.  |  TL: 19cm.  |TXL:20cm<\/p>\n","protected":false},"featured_media":24070,"comment_status":"closed","ping_status":"closed","template":"","meta":{"_seopress_robots_primary_cat":"668","_seopress_titles_title":"","_seopress_titles_desc":"","_seopress_robots_index":""},"product_brand":[],"product_cat":[668],"product_tag":[371,521],"class_list":{"0":"post-16041","1":"product","2":"type-product","3":"status-publish","4":"has-post-thumbnail","6":"product_cat-polseres-ells","7":"product_tag-cuir-5-mm","8":"product_tag-zamak-banado-en-plata-ca","9":"pa_color-camel-ca-2","10":"pa_color-marro-ca","11":"pa_color-negre-ca-2","12":"pa_talla-l-ca","13":"pa_talla-m-ca","14":"pa_talla-s-ca","16":"first","17":"instock","18":"taxable","19":"shipping-taxable","20":"purchasable","21":"product-type-variable"},"_links":{"self":[{"href":"https:\/\/egassbarcelona.com\/ca\/wp-json\/wp\/v2\/product\/16041","targetHints":{"allow":["GET"]}}],"collection":[{"href":"https:\/\/egassbarcelona.com\/ca\/wp-json\/wp\/v2\/product"}],"about":[{"href":"https:\/\/egassbarcelona.com\/ca\/wp-json\/wp\/v2\/types\/product"}],"replies":[{"embeddable":true,"href":"https:\/\/egassbarcelona.com\/ca\/wp-json\/wp\/v2\/comments?post=16041"}],"wp:featuredmedia":[{"embeddable":true,"href":"https:\/\/egassbarcelona.com\/ca\/wp-json\/wp\/v2\/media\/24070"}],"wp:attachment":[{"href":"https:\/\/egassbarcelona.com\/ca\/wp-json\/wp\/v2\/media?parent=16041"}],"wp:term":[{"taxonomy":"product_brand","embeddable":true,"href":"https:\/\/egassbarcelona.com\/ca\/wp-json\/wp\/v2\/product_brand?post=16041"},{"taxonomy":"product_cat","embeddable":true,"href":"https:\/\/egassbarcelona.com\/ca\/wp-json\/wp\/v2\/product_cat?post=16041"},{"taxonomy":"product_tag","embeddable":true,"href":"https:\/\/egassbarcelona.com\/ca\/wp-json\/wp\/v2\/product_tag?post=16041"}],"curies":[{"name":"wp","href":"https:\/\/api.w.org\/{rel}","templated":true}]}}