{"id":15874,"date":"2021-12-05T11:24:02","date_gmt":"2021-12-05T10:24:02","guid":{"rendered":"https:\/\/egassbarcelona.com\/product\/15874\/"},"modified":"2021-12-13T20:09:05","modified_gmt":"2021-12-13T19:09:05","slug":"15874","status":"publish","type":"product","link":"https:\/\/egassbarcelona.com\/ca\/producte\/15874\/","title":{"rendered":"Izar"},"content":{"rendered":"<p>Talles.  Mesura del canell:<br \/>\n XS: 14 cm |  S: 15 cm |  M: 16 cm |  L: 17 cm<br \/>\n  Per mesurar el per\u00edmetre del canell, agafa una corda o un tros de cinta amb qu\u00e8 et puguis envoltar el canell.  Marca a la corda on s&#8217;ajunti per\u00f2 sense que t&#8217;estrenyi.  Aquesta mateixa corda porta-la a una regla superposant-la i mesurant la longitud en cent\u00edmetres que t\u00e9 el per\u00edmetre del teu canell.<\/p>\n<p>Totes les nostres peces estan fetes una a una a m\u00e0, aix\u00ed que si necessites alguna talla que no trobes, si us plau escriu-nos i, si \u00e9s possible, te la farem encantades.<\/p>\n","protected":false},"excerpt":{"rendered":"<p>Polsera dissenyada amb cuir pla de 5mm i tancament, en forma de ganxo, de zamak banyat en plata.<br \/>\n Feta a m\u00e0.<\/p>\n<p>Talles<br \/>\n Mesura del canell:<br \/>\n XS: 14 cm |  S: 15 cm |  M: 16 cm |  L: 17 cm <\/p>\n","protected":false},"featured_media":24055,"comment_status":"closed","ping_status":"closed","template":"","meta":{"_seopress_robots_primary_cat":"0","_seopress_titles_title":"","_seopress_titles_desc":"","_seopress_robots_index":""},"product_brand":[],"product_cat":[150],"product_tag":[196,521],"class_list":{"0":"post-15874","1":"product","2":"type-product","3":"status-publish","4":"has-post-thumbnail","6":"product_cat-polseres","7":"product_tag-fet-a-ma","8":"product_tag-zamak-banado-en-plata-ca","9":"pa_color-camel-ca-2","10":"pa_color-marro-xocolata-ca-2","11":"pa_color-negre-ca-2","12":"pa_color-vermell-burdeus-ca","13":"pa_talla-l-ca","14":"pa_talla-m-ca","15":"pa_talla-s-ca","16":"pa_talla-xs-ca","18":"first","19":"instock","20":"taxable","21":"shipping-taxable","22":"purchasable","23":"product-type-variable","24":"has-default-attributes"},"_links":{"self":[{"href":"https:\/\/egassbarcelona.com\/ca\/wp-json\/wp\/v2\/product\/15874","targetHints":{"allow":["GET"]}}],"collection":[{"href":"https:\/\/egassbarcelona.com\/ca\/wp-json\/wp\/v2\/product"}],"about":[{"href":"https:\/\/egassbarcelona.com\/ca\/wp-json\/wp\/v2\/types\/product"}],"replies":[{"embeddable":true,"href":"https:\/\/egassbarcelona.com\/ca\/wp-json\/wp\/v2\/comments?post=15874"}],"wp:featuredmedia":[{"embeddable":true,"href":"https:\/\/egassbarcelona.com\/ca\/wp-json\/wp\/v2\/media\/24055"}],"wp:attachment":[{"href":"https:\/\/egassbarcelona.com\/ca\/wp-json\/wp\/v2\/media?parent=15874"}],"wp:term":[{"taxonomy":"product_brand","embeddable":true,"href":"https:\/\/egassbarcelona.com\/ca\/wp-json\/wp\/v2\/product_brand?post=15874"},{"taxonomy":"product_cat","embeddable":true,"href":"https:\/\/egassbarcelona.com\/ca\/wp-json\/wp\/v2\/product_cat?post=15874"},{"taxonomy":"product_tag","embeddable":true,"href":"https:\/\/egassbarcelona.com\/ca\/wp-json\/wp\/v2\/product_tag?post=15874"}],"curies":[{"name":"wp","href":"https:\/\/api.w.org\/{rel}","templated":true}]}}