{"id":15860,"date":"2021-12-05T00:03:50","date_gmt":"2021-12-04T23:03:50","guid":{"rendered":"https:\/\/egassbarcelona.com\/product\/denebe\/"},"modified":"2023-10-30T00:17:33","modified_gmt":"2023-10-29T23:17:33","slug":"denebe","status":"publish","type":"product","link":"https:\/\/egassbarcelona.com\/ca\/producte\/denebe\/","title":{"rendered":"Denebe"},"content":{"rendered":"","protected":false},"excerpt":{"rendered":"<p>Original collaret curt asim\u00e8tric d&#8217;\u00e0gates de color violeta o blau.  Cord\u00f3 de cot\u00f3 barrejat amb pell de cangur i petites peces de zamak banyades amb plata. Cadena per ajustar l&#8217;al\u00e7ada.<br \/>\n Fet a m\u00e0.<\/p>\n<p>Talles.  Mesura del collar :<br \/>\n S: 37 cm |  M: 42 cm |  L: 47 cm |  <\/p>\n","protected":false},"featured_media":24041,"comment_status":"closed","ping_status":"closed","template":"","meta":{"_seopress_robots_primary_cat":"81","_seopress_titles_title":"","_seopress_titles_desc":"","_seopress_robots_index":""},"product_brand":[],"product_cat":[81],"product_tag":[634,200,458],"class_list":{"0":"post-15860","1":"product","2":"type-product","3":"status-publish","4":"has-post-thumbnail","6":"product_cat-collarets","7":"product_tag-agata-ca","8":"product_tag-coto","9":"product_tag-pell-cangur","10":"pa_color-blau-ca","11":"pa_color-violeta-ca-2","12":"pa_talla-l-ca","13":"pa_talla-m-ca","14":"pa_talla-s-ca","16":"first","17":"instock","18":"taxable","19":"shipping-taxable","20":"purchasable","21":"product-type-variable","22":"has-default-attributes"},"_links":{"self":[{"href":"https:\/\/egassbarcelona.com\/ca\/wp-json\/wp\/v2\/product\/15860","targetHints":{"allow":["GET"]}}],"collection":[{"href":"https:\/\/egassbarcelona.com\/ca\/wp-json\/wp\/v2\/product"}],"about":[{"href":"https:\/\/egassbarcelona.com\/ca\/wp-json\/wp\/v2\/types\/product"}],"replies":[{"embeddable":true,"href":"https:\/\/egassbarcelona.com\/ca\/wp-json\/wp\/v2\/comments?post=15860"}],"wp:featuredmedia":[{"embeddable":true,"href":"https:\/\/egassbarcelona.com\/ca\/wp-json\/wp\/v2\/media\/24041"}],"wp:attachment":[{"href":"https:\/\/egassbarcelona.com\/ca\/wp-json\/wp\/v2\/media?parent=15860"}],"wp:term":[{"taxonomy":"product_brand","embeddable":true,"href":"https:\/\/egassbarcelona.com\/ca\/wp-json\/wp\/v2\/product_brand?post=15860"},{"taxonomy":"product_cat","embeddable":true,"href":"https:\/\/egassbarcelona.com\/ca\/wp-json\/wp\/v2\/product_cat?post=15860"},{"taxonomy":"product_tag","embeddable":true,"href":"https:\/\/egassbarcelona.com\/ca\/wp-json\/wp\/v2\/product_tag?post=15860"}],"curies":[{"name":"wp","href":"https:\/\/api.w.org\/{rel}","templated":true}]}}