{"id":15796,"date":"2021-12-04T21:42:11","date_gmt":"2021-12-04T20:42:11","guid":{"rendered":"https:\/\/egassbarcelona.com\/product\/antares\/"},"modified":"2023-10-30T00:19:27","modified_gmt":"2023-10-29T23:19:27","slug":"antares","status":"publish","type":"product","link":"https:\/\/egassbarcelona.com\/ca\/producte\/antares\/","title":{"rendered":"Antares"},"content":{"rendered":"<p>El color vermell de les arracades Antares, alegren i afavoreixen el teu look.<\/p>\n","protected":false},"excerpt":{"rendered":"<p>Arracades llargues de corall bamb\u00fa disposats longitudinalment en forma de rombe.<br \/>\nHi ha l&#8217;opci\u00f3 de tancament de clip, per a orella sense perforaci\u00f3, o l&#8217;opci\u00f3 est\u00e0ndard per a orella perforada.<br \/>\nFetes a m\u00e0 p><\/p>\n<p>Longitud: 6,5 cm.<\/p>\n","protected":false},"featured_media":23957,"comment_status":"closed","ping_status":"closed","template":"","meta":{"_seopress_robots_primary_cat":"0","_seopress_titles_title":"","_seopress_titles_desc":"","_seopress_robots_index":""},"product_brand":[],"product_cat":[149],"product_tag":[967,972,920],"class_list":{"0":"post-15796","1":"product","2":"type-product","3":"status-publish","4":"has-post-thumbnail","6":"product_cat-arracades","7":"product_tag-arracadas-de-clip","8":"product_tag-coral-bambu-ca","9":"product_tag-metal-banado-en-plata-ca","10":"pa_cierre-clip-ca","11":"pa_cierre-estandard","13":"first","14":"instock","15":"taxable","16":"shipping-taxable","17":"purchasable","18":"product-type-simple"},"_links":{"self":[{"href":"https:\/\/egassbarcelona.com\/ca\/wp-json\/wp\/v2\/product\/15796","targetHints":{"allow":["GET"]}}],"collection":[{"href":"https:\/\/egassbarcelona.com\/ca\/wp-json\/wp\/v2\/product"}],"about":[{"href":"https:\/\/egassbarcelona.com\/ca\/wp-json\/wp\/v2\/types\/product"}],"replies":[{"embeddable":true,"href":"https:\/\/egassbarcelona.com\/ca\/wp-json\/wp\/v2\/comments?post=15796"}],"wp:featuredmedia":[{"embeddable":true,"href":"https:\/\/egassbarcelona.com\/ca\/wp-json\/wp\/v2\/media\/23957"}],"wp:attachment":[{"href":"https:\/\/egassbarcelona.com\/ca\/wp-json\/wp\/v2\/media?parent=15796"}],"wp:term":[{"taxonomy":"product_brand","embeddable":true,"href":"https:\/\/egassbarcelona.com\/ca\/wp-json\/wp\/v2\/product_brand?post=15796"},{"taxonomy":"product_cat","embeddable":true,"href":"https:\/\/egassbarcelona.com\/ca\/wp-json\/wp\/v2\/product_cat?post=15796"},{"taxonomy":"product_tag","embeddable":true,"href":"https:\/\/egassbarcelona.com\/ca\/wp-json\/wp\/v2\/product_tag?post=15796"}],"curies":[{"name":"wp","href":"https:\/\/api.w.org\/{rel}","templated":true}]}}