{"id":15783,"date":"2021-12-04T21:11:09","date_gmt":"2021-12-04T20:11:09","guid":{"rendered":"https:\/\/egassbarcelona.com\/product\/mintaka\/"},"modified":"2023-11-01T22:06:47","modified_gmt":"2023-11-01T21:06:47","slug":"mintaka","status":"publish","type":"product","link":"https:\/\/egassbarcelona.com\/ca\/producte\/mintaka\/","title":{"rendered":"Mintaka"},"content":{"rendered":"<p>Les arracades Mintaka, en ser llargues estilitzen i afavoreixen el rostre.<\/p>\n","protected":false},"excerpt":{"rendered":"<p>Arracades llargues de metal banyat en or o plata. El model pot ser amb o sense bola de resina o mineral en diferents colors.<br \/>\nSi ho vols sense bola, a l&#8217;opci\u00f3 color posar or o plata segons model.<br \/>\nHi ha l&#8217;opci\u00f3 de tancament de clip, per a orella sense perforaci\u00f3n, o l&#8217;opci\u00f3 est\u00e0ndard per a orella perforada.<br \/>\n Fetes a m\u00e0.<\/p>\n<p>Longitud: 5,5 cm o 6 cm.  Depenent si porten bola o no.<\/p>\n","protected":false},"featured_media":23937,"comment_status":"closed","ping_status":"closed","template":"","meta":{"_seopress_robots_primary_cat":"0","_seopress_titles_title":"","_seopress_titles_desc":"","_seopress_robots_index":""},"product_brand":[],"product_cat":[149],"product_tag":[974,919,920,462],"class_list":{"0":"post-15783","1":"product","2":"type-product","3":"status-publish","4":"has-post-thumbnail","6":"product_cat-arracades","7":"product_tag-arracadas-de-clip-ca","8":"product_tag-metal-banado-en-oro-ca","9":"product_tag-metal-banado-en-plata-ca","10":"product_tag-resina-ca","11":"pa_bano-oro-ca","12":"pa_bano-plata-ca-2","13":"pa_cierre-clip-ca","14":"pa_cierre-estandard","15":"pa_color-blau-ca","16":"pa_color-verd-clar-ca","17":"pa_color-verd-fosc-ca","18":"pa_color-vermell-ca","20":"first","21":"instock","22":"taxable","23":"shipping-taxable","24":"purchasable","25":"product-type-variable","26":"has-default-attributes"},"_links":{"self":[{"href":"https:\/\/egassbarcelona.com\/ca\/wp-json\/wp\/v2\/product\/15783","targetHints":{"allow":["GET"]}}],"collection":[{"href":"https:\/\/egassbarcelona.com\/ca\/wp-json\/wp\/v2\/product"}],"about":[{"href":"https:\/\/egassbarcelona.com\/ca\/wp-json\/wp\/v2\/types\/product"}],"replies":[{"embeddable":true,"href":"https:\/\/egassbarcelona.com\/ca\/wp-json\/wp\/v2\/comments?post=15783"}],"wp:featuredmedia":[{"embeddable":true,"href":"https:\/\/egassbarcelona.com\/ca\/wp-json\/wp\/v2\/media\/23937"}],"wp:attachment":[{"href":"https:\/\/egassbarcelona.com\/ca\/wp-json\/wp\/v2\/media?parent=15783"}],"wp:term":[{"taxonomy":"product_brand","embeddable":true,"href":"https:\/\/egassbarcelona.com\/ca\/wp-json\/wp\/v2\/product_brand?post=15783"},{"taxonomy":"product_cat","embeddable":true,"href":"https:\/\/egassbarcelona.com\/ca\/wp-json\/wp\/v2\/product_cat?post=15783"},{"taxonomy":"product_tag","embeddable":true,"href":"https:\/\/egassbarcelona.com\/ca\/wp-json\/wp\/v2\/product_tag?post=15783"}],"curies":[{"name":"wp","href":"https:\/\/api.w.org\/{rel}","templated":true}]}}