{"id":15777,"date":"2021-12-04T20:40:19","date_gmt":"2021-12-04T19:40:19","guid":{"rendered":"https:\/\/egassbarcelona.com\/product\/anthe\/"},"modified":"2023-07-15T21:42:14","modified_gmt":"2023-07-15T19:42:14","slug":"anthe","status":"publish","type":"product","link":"https:\/\/egassbarcelona.com\/ca\/producte\/anthe\/","title":{"rendered":"Anthe"},"content":{"rendered":"<p>Arracades discretes per\u00f2 tremendament afavoridors que proporcionen molta llum a la cara.<\/p>\n<p>Longitud: 3 cm.<\/p>\n","protected":false},"excerpt":{"rendered":"<p>Arracades en forma de petita lluna plena com indica el seu nom (petita lluna de Saturn)<br \/>\n Realitzades en metall banyat en or o plata segons el model.<br \/>\nHi ha l&#8217;opci\u00f3 de tancament de clip, per a orella sense perforaci\u00f3, o l&#8217;opci\u00f3 est\u00e0ndard per a orella perforada.<br \/>\nFets a m\u00e0.<br \/>\nLongitud: 3 cm.<\/p>\n","protected":false},"featured_media":23918,"comment_status":"closed","ping_status":"closed","template":"","meta":{"_seopress_robots_primary_cat":"0","_seopress_titles_title":"","_seopress_titles_desc":"","_seopress_robots_index":""},"product_brand":[],"product_cat":[149],"product_tag":[967,201,919,920],"class_list":{"0":"post-15777","1":"product","2":"type-product","3":"status-publish","4":"has-post-thumbnail","6":"product_cat-arracades","7":"product_tag-arracadas-de-clip","8":"product_tag-arracades","9":"product_tag-metal-banado-en-oro-ca","10":"product_tag-metal-banado-en-plata-ca","11":"pa_bano-oro-ca","12":"pa_cierre-clip-ca","13":"pa_cierre-estandard","15":"first","16":"instock","17":"taxable","18":"shipping-taxable","19":"purchasable","20":"product-type-variable","21":"has-default-attributes"},"_links":{"self":[{"href":"https:\/\/egassbarcelona.com\/ca\/wp-json\/wp\/v2\/product\/15777","targetHints":{"allow":["GET"]}}],"collection":[{"href":"https:\/\/egassbarcelona.com\/ca\/wp-json\/wp\/v2\/product"}],"about":[{"href":"https:\/\/egassbarcelona.com\/ca\/wp-json\/wp\/v2\/types\/product"}],"replies":[{"embeddable":true,"href":"https:\/\/egassbarcelona.com\/ca\/wp-json\/wp\/v2\/comments?post=15777"}],"wp:featuredmedia":[{"embeddable":true,"href":"https:\/\/egassbarcelona.com\/ca\/wp-json\/wp\/v2\/media\/23918"}],"wp:attachment":[{"href":"https:\/\/egassbarcelona.com\/ca\/wp-json\/wp\/v2\/media?parent=15777"}],"wp:term":[{"taxonomy":"product_brand","embeddable":true,"href":"https:\/\/egassbarcelona.com\/ca\/wp-json\/wp\/v2\/product_brand?post=15777"},{"taxonomy":"product_cat","embeddable":true,"href":"https:\/\/egassbarcelona.com\/ca\/wp-json\/wp\/v2\/product_cat?post=15777"},{"taxonomy":"product_tag","embeddable":true,"href":"https:\/\/egassbarcelona.com\/ca\/wp-json\/wp\/v2\/product_tag?post=15777"}],"curies":[{"name":"wp","href":"https:\/\/api.w.org\/{rel}","templated":true}]}}