{"id":15666,"date":"2021-11-27T21:27:06","date_gmt":"2021-11-27T20:27:06","guid":{"rendered":"https:\/\/egassbarcelona.com\/product\/aurora\/"},"modified":"2021-12-12T19:14:33","modified_gmt":"2021-12-12T18:14:33","slug":"aurora","status":"publish","type":"product","link":"https:\/\/egassbarcelona.com\/ca\/producte\/aurora\/","title":{"rendered":"Aurora"},"content":{"rendered":"<p>Colors vermell bordeus i camel realitzats en cuir.<br \/>\n Colors caqui, negre i blau el\u00e8ctric realitzats en ant tubular<\/p>\n<p>TALLES<br \/>\n La talla de la polsera la determina el per\u00edmetre del canell.  Per aix\u00f2 pots envoltar el canell amb una cinta i marcar el punt on s&#8217;ajunti sense pr\u00e9mer.  Col\u00b7loca aquesta mateixa cinta sobre una regla o cent\u00edmetre i obtindr\u00e0s la mida del teu canell.<\/p>\n<p>Talles: XS-14cm, S-15cm, M-16cm, L-17cm.<\/p>\n","protected":false},"excerpt":{"rendered":"<p>Polsera en forma de semicercle formada per una part r\u00edgida de zamak banyat en or vell o plata, segons model i cuir o ant  tubular.<br \/>\n Colors vermell bordeus i camel realitzats en cuir.<br \/>\n Colors caqui, negre i blau el\u00e8ctric realitzats davant tubular<br \/>\n Feta a m\u00e0.<\/p>\n<p> Per\u00edmetre del canell<br \/>\n Talles: XS-14cm, S-15cm, M-16cm, L-17cm.<\/p>\n","protected":false},"featured_media":23862,"comment_status":"closed","ping_status":"closed","template":"","meta":{"_seopress_robots_primary_cat":"510","_seopress_titles_title":"","_seopress_titles_desc":"","_seopress_robots_index":""},"product_brand":[],"product_cat":[510,150],"product_tag":[],"class_list":{"0":"post-15666","1":"product","2":"type-product","3":"status-publish","4":"has-post-thumbnail","6":"product_cat-novetats","7":"product_cat-polseres","8":"pa_bano-daurat","9":"pa_bano-plata-ca-2","10":"pa_color-blau-electric-ca","11":"pa_color-camel-ca-2","12":"pa_color-negre-ca-2","13":"pa_color-verd-caqui-ca-2","14":"pa_color-vermell-burdeus-ca","15":"pa_talla-l-ca","16":"pa_talla-m-ca","17":"pa_talla-s-ca","18":"pa_talla-xs-ca","20":"first","21":"instock","22":"taxable","23":"shipping-taxable","24":"purchasable","25":"product-type-variable"},"_links":{"self":[{"href":"https:\/\/egassbarcelona.com\/ca\/wp-json\/wp\/v2\/product\/15666","targetHints":{"allow":["GET"]}}],"collection":[{"href":"https:\/\/egassbarcelona.com\/ca\/wp-json\/wp\/v2\/product"}],"about":[{"href":"https:\/\/egassbarcelona.com\/ca\/wp-json\/wp\/v2\/types\/product"}],"replies":[{"embeddable":true,"href":"https:\/\/egassbarcelona.com\/ca\/wp-json\/wp\/v2\/comments?post=15666"}],"wp:featuredmedia":[{"embeddable":true,"href":"https:\/\/egassbarcelona.com\/ca\/wp-json\/wp\/v2\/media\/23862"}],"wp:attachment":[{"href":"https:\/\/egassbarcelona.com\/ca\/wp-json\/wp\/v2\/media?parent=15666"}],"wp:term":[{"taxonomy":"product_brand","embeddable":true,"href":"https:\/\/egassbarcelona.com\/ca\/wp-json\/wp\/v2\/product_brand?post=15666"},{"taxonomy":"product_cat","embeddable":true,"href":"https:\/\/egassbarcelona.com\/ca\/wp-json\/wp\/v2\/product_cat?post=15666"},{"taxonomy":"product_tag","embeddable":true,"href":"https:\/\/egassbarcelona.com\/ca\/wp-json\/wp\/v2\/product_tag?post=15666"}],"curies":[{"name":"wp","href":"https:\/\/api.w.org\/{rel}","templated":true}]}}