{"id":15660,"date":"2021-06-12T20:14:11","date_gmt":"2021-06-12T18:14:11","guid":{"rendered":"https:\/\/egassbarcelona.com\/product\/alcione\/"},"modified":"2025-04-15T22:48:03","modified_gmt":"2025-04-15T20:48:03","slug":"alcione","status":"publish","type":"product","link":"https:\/\/egassbarcelona.com\/ca\/producte\/alcione\/","title":{"rendered":"Alcione"},"content":{"rendered":"<p>Una pe\u00e7a elegant i atemporal, ideal per acompanyar-te en qualsevol moment.<\/p>\n","protected":false},"excerpt":{"rendered":"<p>Arracades de doble anella elaborades en metall banyat en or i plata. Disponibles en dues combinacions: amb la base en or i el segon c\u00e8rcol en plata, o b\u00e9 amb la base en plata i el segon c\u00e8rcol en or. Lleugeres i c\u00f2modes, es poden escollir amb tancament de clip (per a orelles sense perforaci\u00f3) o amb tancament est\u00e0ndard (per a orelles perforades).<br \/>\nFetes a m\u00e0.<br \/>\nLongitud: 6 cm.<\/p>\n","protected":false},"featured_media":23847,"comment_status":"closed","ping_status":"closed","template":"","meta":{"_seopress_robots_primary_cat":"149","_seopress_titles_title":"","_seopress_titles_desc":"","_seopress_robots_index":""},"product_brand":[],"product_cat":[149],"product_tag":[975,967],"class_list":{"0":"post-15660","1":"product","2":"type-product","3":"status-publish","4":"has-post-thumbnail","6":"product_cat-arracades","7":"product_tag-arracadas-danella","8":"product_tag-arracadas-de-clip","9":"pa_bano-oro-ca","10":"pa_bano-plata-ca-2","11":"pa_cierre-clip-ca","12":"pa_cierre-estandard","14":"first","15":"instock","16":"taxable","17":"shipping-taxable","18":"purchasable","19":"product-type-variable"},"_links":{"self":[{"href":"https:\/\/egassbarcelona.com\/ca\/wp-json\/wp\/v2\/product\/15660","targetHints":{"allow":["GET"]}}],"collection":[{"href":"https:\/\/egassbarcelona.com\/ca\/wp-json\/wp\/v2\/product"}],"about":[{"href":"https:\/\/egassbarcelona.com\/ca\/wp-json\/wp\/v2\/types\/product"}],"replies":[{"embeddable":true,"href":"https:\/\/egassbarcelona.com\/ca\/wp-json\/wp\/v2\/comments?post=15660"}],"wp:featuredmedia":[{"embeddable":true,"href":"https:\/\/egassbarcelona.com\/ca\/wp-json\/wp\/v2\/media\/23847"}],"wp:attachment":[{"href":"https:\/\/egassbarcelona.com\/ca\/wp-json\/wp\/v2\/media?parent=15660"}],"wp:term":[{"taxonomy":"product_brand","embeddable":true,"href":"https:\/\/egassbarcelona.com\/ca\/wp-json\/wp\/v2\/product_brand?post=15660"},{"taxonomy":"product_cat","embeddable":true,"href":"https:\/\/egassbarcelona.com\/ca\/wp-json\/wp\/v2\/product_cat?post=15660"},{"taxonomy":"product_tag","embeddable":true,"href":"https:\/\/egassbarcelona.com\/ca\/wp-json\/wp\/v2\/product_tag?post=15660"}],"curies":[{"name":"wp","href":"https:\/\/api.w.org\/{rel}","templated":true}]}}