{"id":15654,"date":"2021-06-12T18:56:35","date_gmt":"2021-06-12T16:56:35","guid":{"rendered":"https:\/\/egassbarcelona.com\/product\/talitha\/"},"modified":"2023-07-16T00:12:14","modified_gmt":"2023-07-15T22:12:14","slug":"vega","status":"publish","type":"product","link":"https:\/\/egassbarcelona.com\/ca\/producte\/vega\/","title":{"rendered":"Vega"},"content":{"rendered":"<p>Arracades llargues molt afavoridores que t&#8217;aportaran esveltesa i lluminositat a la cara.<\/p>\n","protected":false},"excerpt":{"rendered":"<p>Arracades llargues molt afavoridores, disponibles en bany d&#8217;or o de plata martel\u00e9.<br \/>\nHi ha l&#8217;opci\u00f3 de tancament de clip, per a Ornella sense perforaci\u00f3, o l&#8217;opci\u00f3 est\u00e0ndard per a orella perforada.<br \/>\nFets a m\u00e0.<\/p>\n<p>Mesura: 7cm<\/p>\n","protected":false},"featured_media":23838,"comment_status":"closed","ping_status":"closed","template":"","meta":{"_seopress_robots_primary_cat":"149","_seopress_titles_title":"","_seopress_titles_desc":"","_seopress_robots_index":""},"product_brand":[],"product_cat":[149],"product_tag":[1040],"class_list":{"0":"post-15654","1":"product","2":"type-product","3":"status-publish","4":"has-post-thumbnail","6":"product_cat-arracades","7":"product_tag-arracades-llargues","8":"pa_bano-oro-ca","9":"pa_bano-plata-ca-2","10":"pa_cierre-clip-ca","11":"pa_cierre-estandard","13":"first","14":"instock","15":"taxable","16":"shipping-taxable","17":"purchasable","18":"product-type-variable"},"_links":{"self":[{"href":"https:\/\/egassbarcelona.com\/ca\/wp-json\/wp\/v2\/product\/15654","targetHints":{"allow":["GET"]}}],"collection":[{"href":"https:\/\/egassbarcelona.com\/ca\/wp-json\/wp\/v2\/product"}],"about":[{"href":"https:\/\/egassbarcelona.com\/ca\/wp-json\/wp\/v2\/types\/product"}],"replies":[{"embeddable":true,"href":"https:\/\/egassbarcelona.com\/ca\/wp-json\/wp\/v2\/comments?post=15654"}],"wp:featuredmedia":[{"embeddable":true,"href":"https:\/\/egassbarcelona.com\/ca\/wp-json\/wp\/v2\/media\/23838"}],"wp:attachment":[{"href":"https:\/\/egassbarcelona.com\/ca\/wp-json\/wp\/v2\/media?parent=15654"}],"wp:term":[{"taxonomy":"product_brand","embeddable":true,"href":"https:\/\/egassbarcelona.com\/ca\/wp-json\/wp\/v2\/product_brand?post=15654"},{"taxonomy":"product_cat","embeddable":true,"href":"https:\/\/egassbarcelona.com\/ca\/wp-json\/wp\/v2\/product_cat?post=15654"},{"taxonomy":"product_tag","embeddable":true,"href":"https:\/\/egassbarcelona.com\/ca\/wp-json\/wp\/v2\/product_tag?post=15654"}],"curies":[{"name":"wp","href":"https:\/\/api.w.org\/{rel}","templated":true}]}}