{"id":15648,"date":"2021-12-08T10:14:37","date_gmt":"2021-12-08T09:14:37","guid":{"rendered":"https:\/\/egassbarcelona.com\/product\/tania\/"},"modified":"2023-10-26T18:37:46","modified_gmt":"2023-10-26T16:37:46","slug":"tania","status":"publish","type":"product","link":"https:\/\/egassbarcelona.com\/ca\/producte\/tania\/","title":{"rendered":"TANIA"},"content":{"rendered":"<p>Detall afavoridor i discret per complementar els teus looks.<\/p>\n","protected":false},"excerpt":{"rendered":"<p>Arracades realitzades amb una pe\u00e7a que prov\u00e9 del tronc de l&#8217;arbre tintada i part superior de zamak banyada en plata.  Molt lleugers i afavoridors.<br \/>\nHi ha l&#8217;opci\u00f3 de tancament de clip, per a orella sense perforaci\u00f3n, o l&#8217;opci\u00f3 est\u00e0ndard per a orella perforada.<br \/>\n Fets a m\u00e0.<\/p>\n<p>Longitud: 3,5 cm.<\/p>\n","protected":false},"featured_media":24064,"comment_status":"closed","ping_status":"closed","template":"","meta":{"_seopress_robots_primary_cat":"0","_seopress_titles_title":"","_seopress_titles_desc":"","_seopress_robots_index":""},"product_brand":[],"product_cat":[149],"product_tag":[967],"class_list":{"0":"post-15648","1":"product","2":"type-product","3":"status-publish","4":"has-post-thumbnail","6":"product_cat-arracades","7":"product_tag-arracadas-de-clip","8":"pa_cierre-clip-ca","9":"pa_cierre-estandard","10":"pa_color-gris-ca-2","11":"pa_color-vermell-burdeus-ca","13":"first","14":"instock","15":"taxable","16":"shipping-taxable","17":"purchasable","18":"product-type-variable","19":"has-default-attributes"},"_links":{"self":[{"href":"https:\/\/egassbarcelona.com\/ca\/wp-json\/wp\/v2\/product\/15648","targetHints":{"allow":["GET"]}}],"collection":[{"href":"https:\/\/egassbarcelona.com\/ca\/wp-json\/wp\/v2\/product"}],"about":[{"href":"https:\/\/egassbarcelona.com\/ca\/wp-json\/wp\/v2\/types\/product"}],"replies":[{"embeddable":true,"href":"https:\/\/egassbarcelona.com\/ca\/wp-json\/wp\/v2\/comments?post=15648"}],"wp:featuredmedia":[{"embeddable":true,"href":"https:\/\/egassbarcelona.com\/ca\/wp-json\/wp\/v2\/media\/24064"}],"wp:attachment":[{"href":"https:\/\/egassbarcelona.com\/ca\/wp-json\/wp\/v2\/media?parent=15648"}],"wp:term":[{"taxonomy":"product_brand","embeddable":true,"href":"https:\/\/egassbarcelona.com\/ca\/wp-json\/wp\/v2\/product_brand?post=15648"},{"taxonomy":"product_cat","embeddable":true,"href":"https:\/\/egassbarcelona.com\/ca\/wp-json\/wp\/v2\/product_cat?post=15648"},{"taxonomy":"product_tag","embeddable":true,"href":"https:\/\/egassbarcelona.com\/ca\/wp-json\/wp\/v2\/product_tag?post=15648"}],"curies":[{"name":"wp","href":"https:\/\/api.w.org\/{rel}","templated":true}]}}