{"id":13153,"date":"2020-11-21T16:17:40","date_gmt":"2020-11-21T15:17:40","guid":{"rendered":"https:\/\/egassbarcelona.com\/producto\/pm-japo\/"},"modified":"2021-12-05T11:31:53","modified_gmt":"2021-12-05T10:31:53","slug":"pm-japo","status":"publish","type":"product","link":"https:\/\/egassbarcelona.com\/ca\/producte\/pm-japo\/","title":{"rendered":"PM Jap\u00f3"},"content":{"rendered":"<p>El penja mascareta, \u00e9s un complement molt pr\u00e0ctic i afavoridor efecte arracades. Tamb\u00e9 ho podem transformar en collaret o en alguns casos en polsera.<br \/>\nLongitud aproximada 50 cm. Si desitges una altra longitud fes-nos-ho saber en els comentaris adjunts a la comanda.<\/p>\n","protected":false},"excerpt":{"rendered":"<p>Penja m\u00e0scares efecte arracades, de cord\u00f3 de seda, amb motius florals que recorden el delicat estil japon\u00e8s,i acabat en una bola de resina. Mosquet\u00f3 de metall banyat en plata per a subjectar-ho a la m\u00e0scara. Fet a m\u00e0.<\/p>\n<p>Longitud aproximada 50 cm.<\/p>\n","protected":false},"featured_media":23662,"comment_status":"closed","ping_status":"closed","template":"","meta":{"_seopress_robots_primary_cat":"877","_seopress_titles_title":"","_seopress_titles_desc":"","_seopress_robots_index":""},"product_brand":[],"product_cat":[877],"product_tag":[902,903,890],"class_list":{"0":"post-13153","1":"product","2":"type-product","3":"status-publish","4":"has-post-thumbnail","6":"product_cat-penja-mascaretes","7":"product_tag-cordo-de-seda","8":"product_tag-mosqueto","9":"product_tag-penja-mascaretes","11":"first","12":"instock","13":"taxable","14":"shipping-taxable","15":"purchasable","16":"product-type-simple"},"_links":{"self":[{"href":"https:\/\/egassbarcelona.com\/ca\/wp-json\/wp\/v2\/product\/13153","targetHints":{"allow":["GET"]}}],"collection":[{"href":"https:\/\/egassbarcelona.com\/ca\/wp-json\/wp\/v2\/product"}],"about":[{"href":"https:\/\/egassbarcelona.com\/ca\/wp-json\/wp\/v2\/types\/product"}],"replies":[{"embeddable":true,"href":"https:\/\/egassbarcelona.com\/ca\/wp-json\/wp\/v2\/comments?post=13153"}],"wp:featuredmedia":[{"embeddable":true,"href":"https:\/\/egassbarcelona.com\/ca\/wp-json\/wp\/v2\/media\/23662"}],"wp:attachment":[{"href":"https:\/\/egassbarcelona.com\/ca\/wp-json\/wp\/v2\/media?parent=13153"}],"wp:term":[{"taxonomy":"product_brand","embeddable":true,"href":"https:\/\/egassbarcelona.com\/ca\/wp-json\/wp\/v2\/product_brand?post=13153"},{"taxonomy":"product_cat","embeddable":true,"href":"https:\/\/egassbarcelona.com\/ca\/wp-json\/wp\/v2\/product_cat?post=13153"},{"taxonomy":"product_tag","embeddable":true,"href":"https:\/\/egassbarcelona.com\/ca\/wp-json\/wp\/v2\/product_tag?post=13153"}],"curies":[{"name":"wp","href":"https:\/\/api.w.org\/{rel}","templated":true}]}}