{"id":13150,"date":"2020-11-21T13:50:56","date_gmt":"2020-11-21T12:50:56","guid":{"rendered":"https:\/\/egassbarcelona.com\/producto\/lila\/"},"modified":"2021-12-07T08:28:14","modified_gmt":"2021-12-07T07:28:14","slug":"lila","status":"publish","type":"product","link":"https:\/\/egassbarcelona.com\/ca\/producte\/lila\/","title":{"rendered":"PM Lila"},"content":{"rendered":"<p>El penja mascareta, \u00e9s un complement molt pr\u00e0ctic i afavoridor efecte arracades. Tamb\u00e9 ho podem transformar en collaret o en alguns casos en polsera.<br \/>\nLongitud aproximada 50 cm. Si desitges una altra longitud fes-nos-ho saber en els comentaris adjunts a la comanda.<\/p>\n","protected":false},"excerpt":{"rendered":"<p>Penja m\u00e0scares efecte pendents, realitzat amb fil de cot\u00f3 i antelina en tons morats i cadena xapada en plata entrella\u00e7ats. Mosquet\u00f3 de metall banyat en plata per a subjectar-ho a la m\u00e0scara. Fet a m\u00e0.<\/p>\n<p>Longitud aproximada 50 cm.<\/p>\n","protected":false},"featured_media":23600,"comment_status":"closed","ping_status":"closed","template":"","meta":{"_seopress_robots_primary_cat":"877","_seopress_titles_title":"","_seopress_titles_desc":"","_seopress_robots_index":""},"product_brand":[],"product_cat":[877],"product_tag":[190,278,890],"class_list":{"0":"post-13150","1":"product","2":"type-product","3":"status-publish","4":"has-post-thumbnail","6":"product_cat-penja-mascaretes","7":"product_tag-antelina-ca","8":"product_tag-fil-de-coto","9":"product_tag-penja-mascaretes","11":"first","12":"instock","13":"taxable","14":"shipping-taxable","15":"purchasable","16":"product-type-simple"},"_links":{"self":[{"href":"https:\/\/egassbarcelona.com\/ca\/wp-json\/wp\/v2\/product\/13150","targetHints":{"allow":["GET"]}}],"collection":[{"href":"https:\/\/egassbarcelona.com\/ca\/wp-json\/wp\/v2\/product"}],"about":[{"href":"https:\/\/egassbarcelona.com\/ca\/wp-json\/wp\/v2\/types\/product"}],"replies":[{"embeddable":true,"href":"https:\/\/egassbarcelona.com\/ca\/wp-json\/wp\/v2\/comments?post=13150"}],"wp:featuredmedia":[{"embeddable":true,"href":"https:\/\/egassbarcelona.com\/ca\/wp-json\/wp\/v2\/media\/23600"}],"wp:attachment":[{"href":"https:\/\/egassbarcelona.com\/ca\/wp-json\/wp\/v2\/media?parent=13150"}],"wp:term":[{"taxonomy":"product_brand","embeddable":true,"href":"https:\/\/egassbarcelona.com\/ca\/wp-json\/wp\/v2\/product_brand?post=13150"},{"taxonomy":"product_cat","embeddable":true,"href":"https:\/\/egassbarcelona.com\/ca\/wp-json\/wp\/v2\/product_cat?post=13150"},{"taxonomy":"product_tag","embeddable":true,"href":"https:\/\/egassbarcelona.com\/ca\/wp-json\/wp\/v2\/product_tag?post=13150"}],"curies":[{"name":"wp","href":"https:\/\/api.w.org\/{rel}","templated":true}]}}