{"id":13147,"date":"2020-11-21T18:57:40","date_gmt":"2020-11-21T17:57:40","guid":{"rendered":"https:\/\/egassbarcelona.com\/producto\/pm-negre\/"},"modified":"2021-12-05T11:06:26","modified_gmt":"2021-12-05T10:06:26","slug":"pm-negre","status":"publish","type":"product","link":"https:\/\/egassbarcelona.com\/ca\/producte\/pm-negre\/","title":{"rendered":"PM NEGRE"},"content":{"rendered":"<p>El penja mascareta, \u00e9s un complement molt pr\u00e0ctic i afavoridor efecte arracades. Tamb\u00e9 ho podem transformar en collaret o en alguns casos en polsera.<br \/>\nLongitud aproximada 50 cm. Si desitges una altra longitud fes-nos-ho saber en els comentaris adjunts a la comanda.<\/p>\n","protected":false},"excerpt":{"rendered":"<p>Penja mascareta efecte arracades, de bola petita enfilada. Mosquet\u00f3 de metall banyat en plata per a subjectar-ho a la m\u00e0scara. Fet a m\u00e0<br \/>\nLongitud aproximada 50 cm.<\/p>\n","protected":false},"featured_media":23766,"comment_status":"closed","ping_status":"closed","template":"","meta":{"_seopress_robots_primary_cat":"877","_seopress_titles_title":"","_seopress_titles_desc":"","_seopress_robots_index":""},"product_brand":[],"product_cat":[877],"product_tag":[670,893],"class_list":{"0":"post-13147","1":"product","2":"type-product","3":"status-publish","4":"has-post-thumbnail","6":"product_cat-penja-mascaretes","7":"product_tag-bola-engarzada-ca","8":"product_tag-penja-mascaretes-ca","10":"first","11":"instock","12":"taxable","13":"shipping-taxable","14":"purchasable","15":"product-type-simple"},"_links":{"self":[{"href":"https:\/\/egassbarcelona.com\/ca\/wp-json\/wp\/v2\/product\/13147","targetHints":{"allow":["GET"]}}],"collection":[{"href":"https:\/\/egassbarcelona.com\/ca\/wp-json\/wp\/v2\/product"}],"about":[{"href":"https:\/\/egassbarcelona.com\/ca\/wp-json\/wp\/v2\/types\/product"}],"replies":[{"embeddable":true,"href":"https:\/\/egassbarcelona.com\/ca\/wp-json\/wp\/v2\/comments?post=13147"}],"wp:featuredmedia":[{"embeddable":true,"href":"https:\/\/egassbarcelona.com\/ca\/wp-json\/wp\/v2\/media\/23766"}],"wp:attachment":[{"href":"https:\/\/egassbarcelona.com\/ca\/wp-json\/wp\/v2\/media?parent=13147"}],"wp:term":[{"taxonomy":"product_brand","embeddable":true,"href":"https:\/\/egassbarcelona.com\/ca\/wp-json\/wp\/v2\/product_brand?post=13147"},{"taxonomy":"product_cat","embeddable":true,"href":"https:\/\/egassbarcelona.com\/ca\/wp-json\/wp\/v2\/product_cat?post=13147"},{"taxonomy":"product_tag","embeddable":true,"href":"https:\/\/egassbarcelona.com\/ca\/wp-json\/wp\/v2\/product_tag?post=13147"}],"curies":[{"name":"wp","href":"https:\/\/api.w.org\/{rel}","templated":true}]}}