{"id":13136,"date":"2020-11-21T16:53:35","date_gmt":"2020-11-21T15:53:35","guid":{"rendered":"https:\/\/egassbarcelona.com\/producto\/pm-cadena-estrelles\/"},"modified":"2021-12-05T11:19:33","modified_gmt":"2021-12-05T10:19:33","slug":"pm-cadena-estrelles","status":"publish","type":"product","link":"https:\/\/egassbarcelona.com\/ca\/producte\/pm-cadena-estrelles\/","title":{"rendered":"PM Cadena Estrelles"},"content":{"rendered":"<p>El penja mascareta, \u00e9s un complement molt pr\u00e0ctic i afavoridor efecte arracades. Tamb\u00e9 ho podem transformar en collaret o en alguns casos en polsera.<br \/>\nLongitud aproximada 50 cm. Si desitges una altra longitud fes-nos-ho saber en els comentaris adjunts a la comanda.<\/p>\n","protected":false},"excerpt":{"rendered":"<p>Penja mascareta efecte arracades, de cadena amb diferents formes. Mosquet\u00f3 de metall banyat en plata per a subjectar-ho a la mascareta. Fet a m\u00e0.<\/p>\n<p>Longitud aproximada 50 cm.<\/p>\n","protected":false},"featured_media":23643,"comment_status":"closed","ping_status":"closed","template":"","meta":{"_seopress_robots_primary_cat":"877","_seopress_titles_title":"","_seopress_titles_desc":"","_seopress_robots_index":""},"product_brand":[],"product_cat":[877],"product_tag":[548,893],"class_list":{"0":"post-13136","1":"product","2":"type-product","3":"status-publish","4":"has-post-thumbnail","6":"product_cat-penja-mascaretes","7":"product_tag-cadena-ca","8":"product_tag-penja-mascaretes-ca","10":"first","11":"instock","12":"taxable","13":"shipping-taxable","14":"purchasable","15":"product-type-simple"},"_links":{"self":[{"href":"https:\/\/egassbarcelona.com\/ca\/wp-json\/wp\/v2\/product\/13136","targetHints":{"allow":["GET"]}}],"collection":[{"href":"https:\/\/egassbarcelona.com\/ca\/wp-json\/wp\/v2\/product"}],"about":[{"href":"https:\/\/egassbarcelona.com\/ca\/wp-json\/wp\/v2\/types\/product"}],"replies":[{"embeddable":true,"href":"https:\/\/egassbarcelona.com\/ca\/wp-json\/wp\/v2\/comments?post=13136"}],"wp:featuredmedia":[{"embeddable":true,"href":"https:\/\/egassbarcelona.com\/ca\/wp-json\/wp\/v2\/media\/23643"}],"wp:attachment":[{"href":"https:\/\/egassbarcelona.com\/ca\/wp-json\/wp\/v2\/media?parent=13136"}],"wp:term":[{"taxonomy":"product_brand","embeddable":true,"href":"https:\/\/egassbarcelona.com\/ca\/wp-json\/wp\/v2\/product_brand?post=13136"},{"taxonomy":"product_cat","embeddable":true,"href":"https:\/\/egassbarcelona.com\/ca\/wp-json\/wp\/v2\/product_cat?post=13136"},{"taxonomy":"product_tag","embeddable":true,"href":"https:\/\/egassbarcelona.com\/ca\/wp-json\/wp\/v2\/product_tag?post=13136"}],"curies":[{"name":"wp","href":"https:\/\/api.w.org\/{rel}","templated":true}]}}