{"id":13134,"date":"2020-11-21T17:32:57","date_gmt":"2020-11-21T16:32:57","guid":{"rendered":"https:\/\/egassbarcelona.com\/producto\/pm-marro-terra\/"},"modified":"2021-12-02T07:45:32","modified_gmt":"2021-12-02T06:45:32","slug":"pm-marro-terra","status":"publish","type":"product","link":"https:\/\/egassbarcelona.com\/ca\/producte\/pm-marro-terra\/","title":{"rendered":"PM Marr\u00f3 Terra"},"content":{"rendered":"<p>El penja mascareta, \u00e9s un complement molt pr\u00e0ctic i afavoridor efecte arracades. Tamb\u00e9 ho podem transformar en collaret o en alguns casos en polsera.<br \/>\nLongitud aproximada 50 cm. Si desitges una altra longitud fes-nos-ho saber en els comentaris adjunts a la comanda.<\/p>\n","protected":false},"excerpt":{"rendered":"<p>Penja mascareta efecte arracades, realitzat amb fil de cot\u00f3 boles i abaloris principalment en tons terra. Mosquet\u00f3 de metall banyat en plata per a subjectar-ho a la mascareta. Fet a m\u00e0<\/p>\n<p>Longitud aproximada 50 cm.<\/p>\n","protected":false},"featured_media":23707,"comment_status":"closed","ping_status":"closed","template":"","meta":{"_seopress_robots_primary_cat":"877","_seopress_titles_title":"","_seopress_titles_desc":"","_seopress_robots_index":""},"product_brand":[],"product_cat":[877],"product_tag":[892,893,297],"class_list":{"0":"post-13134","1":"product","2":"type-product","3":"status-publish","4":"has-post-thumbnail","6":"product_cat-penja-mascaretes","7":"product_tag-abaloris-granadures","8":"product_tag-penja-mascaretes-ca","9":"product_tag-resines","11":"first","12":"instock","13":"taxable","14":"shipping-taxable","15":"purchasable","16":"product-type-simple"},"_links":{"self":[{"href":"https:\/\/egassbarcelona.com\/ca\/wp-json\/wp\/v2\/product\/13134","targetHints":{"allow":["GET"]}}],"collection":[{"href":"https:\/\/egassbarcelona.com\/ca\/wp-json\/wp\/v2\/product"}],"about":[{"href":"https:\/\/egassbarcelona.com\/ca\/wp-json\/wp\/v2\/types\/product"}],"replies":[{"embeddable":true,"href":"https:\/\/egassbarcelona.com\/ca\/wp-json\/wp\/v2\/comments?post=13134"}],"wp:featuredmedia":[{"embeddable":true,"href":"https:\/\/egassbarcelona.com\/ca\/wp-json\/wp\/v2\/media\/23707"}],"wp:attachment":[{"href":"https:\/\/egassbarcelona.com\/ca\/wp-json\/wp\/v2\/media?parent=13134"}],"wp:term":[{"taxonomy":"product_brand","embeddable":true,"href":"https:\/\/egassbarcelona.com\/ca\/wp-json\/wp\/v2\/product_brand?post=13134"},{"taxonomy":"product_cat","embeddable":true,"href":"https:\/\/egassbarcelona.com\/ca\/wp-json\/wp\/v2\/product_cat?post=13134"},{"taxonomy":"product_tag","embeddable":true,"href":"https:\/\/egassbarcelona.com\/ca\/wp-json\/wp\/v2\/product_tag?post=13134"}],"curies":[{"name":"wp","href":"https:\/\/api.w.org\/{rel}","templated":true}]}}