{"id":12517,"date":"2020-07-25T18:38:37","date_gmt":"2020-07-25T16:38:37","guid":{"rendered":"https:\/\/egassbarcelona.com\/producto\/new-york\/"},"modified":"2021-12-07T08:34:45","modified_gmt":"2021-12-07T07:34:45","slug":"new-york","status":"publish","type":"product","link":"https:\/\/egassbarcelona.com\/ca\/producte\/new-york\/","title":{"rendered":"New York"},"content":{"rendered":"<p>Collaret de m\u00faltples posicions i per a m\u00faltiples ocasions. Original, intemporal i atemporal. Una oportunitat per a la imaginaci\u00f3.<\/p>\n","protected":false},"excerpt":{"rendered":"<p>Collaret llarg de quatre tires desiguals per nuar o deixar soltes, amb minerals, cristall tallat, vidre afric\u00e0 o resines. Disponible en tons verds i en blanc i negre.<\/p>\n<p>Fet a m\u00e0.<\/p>\n<p>Talla:\u00a0M: 52-53 cm \u00a0|\u00a0L: 54-55 cm<\/p>\n","protected":false},"featured_media":23542,"comment_status":"closed","ping_status":"closed","template":"","meta":{"_seopress_robots_primary_cat":"81","_seopress_titles_title":"","_seopress_titles_desc":"","_seopress_robots_index":""},"product_brand":[],"product_cat":[81,510],"product_tag":[240,176],"class_list":{"0":"post-12517","1":"product","2":"type-product","3":"status-publish","4":"has-post-thumbnail","6":"product_cat-collarets","7":"product_cat-novetats","8":"product_tag-cristall-tallat","9":"product_tag-minerals","10":"pa_color-negre-ca-2","11":"pa_color-verde-ca","12":"pa_talla-l-ca","13":"pa_talla-m-ca","15":"first","16":"instock","17":"taxable","18":"shipping-taxable","19":"purchasable","20":"product-type-variable","21":"has-default-attributes"},"_links":{"self":[{"href":"https:\/\/egassbarcelona.com\/ca\/wp-json\/wp\/v2\/product\/12517","targetHints":{"allow":["GET"]}}],"collection":[{"href":"https:\/\/egassbarcelona.com\/ca\/wp-json\/wp\/v2\/product"}],"about":[{"href":"https:\/\/egassbarcelona.com\/ca\/wp-json\/wp\/v2\/types\/product"}],"replies":[{"embeddable":true,"href":"https:\/\/egassbarcelona.com\/ca\/wp-json\/wp\/v2\/comments?post=12517"}],"wp:featuredmedia":[{"embeddable":true,"href":"https:\/\/egassbarcelona.com\/ca\/wp-json\/wp\/v2\/media\/23542"}],"wp:attachment":[{"href":"https:\/\/egassbarcelona.com\/ca\/wp-json\/wp\/v2\/media?parent=12517"}],"wp:term":[{"taxonomy":"product_brand","embeddable":true,"href":"https:\/\/egassbarcelona.com\/ca\/wp-json\/wp\/v2\/product_brand?post=12517"},{"taxonomy":"product_cat","embeddable":true,"href":"https:\/\/egassbarcelona.com\/ca\/wp-json\/wp\/v2\/product_cat?post=12517"},{"taxonomy":"product_tag","embeddable":true,"href":"https:\/\/egassbarcelona.com\/ca\/wp-json\/wp\/v2\/product_tag?post=12517"}],"curies":[{"name":"wp","href":"https:\/\/api.w.org\/{rel}","templated":true}]}}