{"id":12154,"date":"2019-12-06T12:46:35","date_gmt":"2019-12-06T11:46:35","guid":{"rendered":"https:\/\/egassbarcelona.com\/producto\/dalia\/"},"modified":"2023-07-15T22:31:22","modified_gmt":"2023-07-15T20:31:22","slug":"dalia","status":"publish","type":"product","link":"https:\/\/egassbarcelona.com\/ca\/producte\/dalia\/","title":{"rendered":"DALIA"},"content":{"rendered":"","protected":false},"excerpt":{"rendered":"<p>Arracades de zamak banyat en or o bronze i resines en forma d&#8217;ametlla. Realitzats en dues talles: llarg i curt.<br \/>\nHi ha l&#8217;opci\u00f3 de tancament de clip,per a orella sense perforaci\u00f3, o l&#8217;opci\u00f3 est\u00e0ndard per a orella perforada.Fets a m\u00e0.<\/p>\n<p>Longitud: TM: 4 cm TL: 6&#8217;5 cm.<\/p>\n","protected":false},"featured_media":23414,"comment_status":"closed","ping_status":"closed","template":"","meta":{"_seopress_robots_primary_cat":"0","_seopress_titles_title":"","_seopress_titles_desc":"","_seopress_robots_index":""},"product_brand":[],"product_cat":[149],"product_tag":[967,297,929],"class_list":{"0":"post-12154","1":"product","2":"type-product","3":"status-publish","4":"has-post-thumbnail","6":"product_cat-arracades","7":"product_tag-arracadas-de-clip","8":"product_tag-resines","9":"product_tag-zamak-banado-en-oro-ca","10":"pa_cierre-clip-ca","11":"pa_cierre-estandard","12":"pa_talla-l-ca","13":"pa_talla-m-ca","15":"first","16":"instock","17":"taxable","18":"shipping-taxable","19":"purchasable","20":"product-type-variable","21":"has-default-attributes"},"_links":{"self":[{"href":"https:\/\/egassbarcelona.com\/ca\/wp-json\/wp\/v2\/product\/12154","targetHints":{"allow":["GET"]}}],"collection":[{"href":"https:\/\/egassbarcelona.com\/ca\/wp-json\/wp\/v2\/product"}],"about":[{"href":"https:\/\/egassbarcelona.com\/ca\/wp-json\/wp\/v2\/types\/product"}],"replies":[{"embeddable":true,"href":"https:\/\/egassbarcelona.com\/ca\/wp-json\/wp\/v2\/comments?post=12154"}],"wp:featuredmedia":[{"embeddable":true,"href":"https:\/\/egassbarcelona.com\/ca\/wp-json\/wp\/v2\/media\/23414"}],"wp:attachment":[{"href":"https:\/\/egassbarcelona.com\/ca\/wp-json\/wp\/v2\/media?parent=12154"}],"wp:term":[{"taxonomy":"product_brand","embeddable":true,"href":"https:\/\/egassbarcelona.com\/ca\/wp-json\/wp\/v2\/product_brand?post=12154"},{"taxonomy":"product_cat","embeddable":true,"href":"https:\/\/egassbarcelona.com\/ca\/wp-json\/wp\/v2\/product_cat?post=12154"},{"taxonomy":"product_tag","embeddable":true,"href":"https:\/\/egassbarcelona.com\/ca\/wp-json\/wp\/v2\/product_tag?post=12154"}],"curies":[{"name":"wp","href":"https:\/\/api.w.org\/{rel}","templated":true}]}}