{"id":12119,"date":"2019-12-06T19:29:51","date_gmt":"2019-12-06T18:29:51","guid":{"rendered":"https:\/\/egassbarcelona.com\/producto\/k\/"},"modified":"2021-12-07T10:18:50","modified_gmt":"2021-12-07T09:18:50","slug":"kuadro","status":"publish","type":"product","link":"https:\/\/egassbarcelona.com\/ca\/producte\/kuadro\/","title":{"rendered":"KUADRO"},"content":{"rendered":"","protected":false},"excerpt":{"rendered":"<p>Collaret curt amb una gran pe\u00e7a central en forma quadrat de zamak banyat en plata.Ant tubular. Tanca i cadena per ajustar la midantamb\u00e9 de zamak bantat en plata. Fet a m\u00e0.<\/p>\n<p>Disponible en diverses talles.<\/p>\n<p>TS: 37 cm. TM: 42 cm. TL: 36 cm.<\/p>\n","protected":false},"featured_media":23464,"comment_status":"closed","ping_status":"closed","template":"","meta":{"_seopress_robots_primary_cat":"510","_seopress_titles_title":"","_seopress_titles_desc":"","_seopress_robots_index":""},"product_brand":[],"product_cat":[81,510],"product_tag":[521],"class_list":{"0":"post-12119","1":"product","2":"type-product","3":"status-publish","4":"has-post-thumbnail","6":"product_cat-collarets","7":"product_cat-novetats","8":"product_tag-zamak-banado-en-plata-ca","9":"pa_color-blau-electric-ca","10":"pa_color-granat","11":"pa_color-marro-ca","12":"pa_color-negre-ca-2","14":"first","15":"instock","16":"taxable","17":"shipping-taxable","18":"purchasable","19":"product-type-variable","20":"has-default-attributes"},"_links":{"self":[{"href":"https:\/\/egassbarcelona.com\/ca\/wp-json\/wp\/v2\/product\/12119","targetHints":{"allow":["GET"]}}],"collection":[{"href":"https:\/\/egassbarcelona.com\/ca\/wp-json\/wp\/v2\/product"}],"about":[{"href":"https:\/\/egassbarcelona.com\/ca\/wp-json\/wp\/v2\/types\/product"}],"replies":[{"embeddable":true,"href":"https:\/\/egassbarcelona.com\/ca\/wp-json\/wp\/v2\/comments?post=12119"}],"wp:featuredmedia":[{"embeddable":true,"href":"https:\/\/egassbarcelona.com\/ca\/wp-json\/wp\/v2\/media\/23464"}],"wp:attachment":[{"href":"https:\/\/egassbarcelona.com\/ca\/wp-json\/wp\/v2\/media?parent=12119"}],"wp:term":[{"taxonomy":"product_brand","embeddable":true,"href":"https:\/\/egassbarcelona.com\/ca\/wp-json\/wp\/v2\/product_brand?post=12119"},{"taxonomy":"product_cat","embeddable":true,"href":"https:\/\/egassbarcelona.com\/ca\/wp-json\/wp\/v2\/product_cat?post=12119"},{"taxonomy":"product_tag","embeddable":true,"href":"https:\/\/egassbarcelona.com\/ca\/wp-json\/wp\/v2\/product_tag?post=12119"}],"curies":[{"name":"wp","href":"https:\/\/api.w.org\/{rel}","templated":true}]}}