{"id":12105,"date":"2019-12-06T14:12:18","date_gmt":"2019-12-06T13:12:18","guid":{"rendered":"https:\/\/egassbarcelona.com\/producto\/olympia\/"},"modified":"2020-02-20T12:45:51","modified_gmt":"2020-02-20T11:45:51","slug":"olympia","status":"publish","type":"product","link":"https:\/\/egassbarcelona.com\/ca\/producte\/olympia\/","title":{"rendered":"OLYMPIA"},"content":{"rendered":"<p>Collar llarg amb pe\u00e7a gran que et donar\u00e0 una imatge contundent i segura. El collaret Olympia funciona tant amb un look formal com amb un de informal i trencador.<\/p>\n","protected":false},"excerpt":{"rendered":"<p>Collaret llarg amb pe\u00e7a gran de zamak banyat en plata, envoltat per un c\u00e8rcol de el mateix material, folrat en una part amb fil de cot\u00f3, negre o cru, segons model. Tira de cot\u00f3 negre gruixut per subjectar-ho. Fet a m\u00e0.<\/p>\n<p>Disponible en diverses talles.<\/p>\n<p>TS: 50-51 cm, TM: 52-53 cm TL: 54-55 cm.<\/p>\n","protected":false},"featured_media":23430,"comment_status":"closed","ping_status":"closed","template":"","meta":{"_seopress_robots_primary_cat":"510","_seopress_titles_title":"","_seopress_titles_desc":"","_seopress_robots_index":""},"product_brand":[],"product_cat":[81,510],"product_tag":[759,760,521],"class_list":{"0":"post-12105","1":"product","2":"type-product","3":"status-publish","4":"has-post-thumbnail","6":"product_cat-collarets","7":"product_cat-novetats","8":"product_tag-hillo-de-algodono-grueso-de-algodon-ca","9":"product_tag-medallon-ca","10":"product_tag-zamak-banado-en-plata-ca","11":"pa_color-cru-ca","12":"pa_color-negre-ca-2","13":"pa_talla-l-ca","14":"pa_talla-m-ca","15":"pa_talla-s-ca","17":"first","18":"instock","19":"taxable","20":"shipping-taxable","21":"purchasable","22":"product-type-variable","23":"has-default-attributes"},"_links":{"self":[{"href":"https:\/\/egassbarcelona.com\/ca\/wp-json\/wp\/v2\/product\/12105","targetHints":{"allow":["GET"]}}],"collection":[{"href":"https:\/\/egassbarcelona.com\/ca\/wp-json\/wp\/v2\/product"}],"about":[{"href":"https:\/\/egassbarcelona.com\/ca\/wp-json\/wp\/v2\/types\/product"}],"replies":[{"embeddable":true,"href":"https:\/\/egassbarcelona.com\/ca\/wp-json\/wp\/v2\/comments?post=12105"}],"wp:featuredmedia":[{"embeddable":true,"href":"https:\/\/egassbarcelona.com\/ca\/wp-json\/wp\/v2\/media\/23430"}],"wp:attachment":[{"href":"https:\/\/egassbarcelona.com\/ca\/wp-json\/wp\/v2\/media?parent=12105"}],"wp:term":[{"taxonomy":"product_brand","embeddable":true,"href":"https:\/\/egassbarcelona.com\/ca\/wp-json\/wp\/v2\/product_brand?post=12105"},{"taxonomy":"product_cat","embeddable":true,"href":"https:\/\/egassbarcelona.com\/ca\/wp-json\/wp\/v2\/product_cat?post=12105"},{"taxonomy":"product_tag","embeddable":true,"href":"https:\/\/egassbarcelona.com\/ca\/wp-json\/wp\/v2\/product_tag?post=12105"}],"curies":[{"name":"wp","href":"https:\/\/api.w.org\/{rel}","templated":true}]}}