{"id":12079,"date":"2019-12-06T00:50:32","date_gmt":"2019-12-05T23:50:32","guid":{"rendered":"https:\/\/egassbarcelona.com\/producto\/rondo\/"},"modified":"2025-04-15T23:05:10","modified_gmt":"2025-04-15T21:05:10","slug":"rondo","status":"publish","type":"product","link":"https:\/\/egassbarcelona.com\/ca\/producte\/rondo\/","title":{"rendered":"RONDO"},"content":{"rendered":"<p>Sutils i elegants, ideals per al dia a dia o per donar un toc especial a qualsevol estilisme.<\/p>\n","protected":false},"excerpt":{"rendered":"<p>Arracades fines banyades en or o plata, segons el model. Molt lleugeres i c\u00f2modes de portar, disponibles amb tancament de clip (per a orelles sense perforaci\u00f3) o amb tancament est\u00e0ndard (per a orelles perforades).<br \/>\nFetes a m\u00e0.<br \/>\nLongitud: 6 cm.<\/p>\n","protected":false},"featured_media":23392,"comment_status":"closed","ping_status":"closed","template":"","meta":{"_seopress_robots_primary_cat":"149","_seopress_titles_title":"","_seopress_titles_desc":"","_seopress_robots_index":""},"product_brand":[],"product_cat":[149],"product_tag":[967],"class_list":{"0":"post-12079","1":"product","2":"type-product","3":"status-publish","4":"has-post-thumbnail","6":"product_cat-arracades","7":"product_tag-arracadas-de-clip","8":"pa_bano-daurat","9":"pa_bano-platejat","10":"pa_cierre-clip-ca","11":"pa_cierre-estandard","13":"first","14":"instock","15":"taxable","16":"shipping-taxable","17":"purchasable","18":"product-type-variable","19":"has-default-attributes"},"_links":{"self":[{"href":"https:\/\/egassbarcelona.com\/ca\/wp-json\/wp\/v2\/product\/12079","targetHints":{"allow":["GET"]}}],"collection":[{"href":"https:\/\/egassbarcelona.com\/ca\/wp-json\/wp\/v2\/product"}],"about":[{"href":"https:\/\/egassbarcelona.com\/ca\/wp-json\/wp\/v2\/types\/product"}],"replies":[{"embeddable":true,"href":"https:\/\/egassbarcelona.com\/ca\/wp-json\/wp\/v2\/comments?post=12079"}],"wp:featuredmedia":[{"embeddable":true,"href":"https:\/\/egassbarcelona.com\/ca\/wp-json\/wp\/v2\/media\/23392"}],"wp:attachment":[{"href":"https:\/\/egassbarcelona.com\/ca\/wp-json\/wp\/v2\/media?parent=12079"}],"wp:term":[{"taxonomy":"product_brand","embeddable":true,"href":"https:\/\/egassbarcelona.com\/ca\/wp-json\/wp\/v2\/product_brand?post=12079"},{"taxonomy":"product_cat","embeddable":true,"href":"https:\/\/egassbarcelona.com\/ca\/wp-json\/wp\/v2\/product_cat?post=12079"},{"taxonomy":"product_tag","embeddable":true,"href":"https:\/\/egassbarcelona.com\/ca\/wp-json\/wp\/v2\/product_tag?post=12079"}],"curies":[{"name":"wp","href":"https:\/\/api.w.org\/{rel}","templated":true}]}}