{"id":12057,"date":"2019-12-06T12:34:33","date_gmt":"2019-12-06T11:34:33","guid":{"rendered":"https:\/\/egassbarcelona.com\/producto\/square-2\/"},"modified":"2023-07-16T00:06:30","modified_gmt":"2023-07-15T22:06:30","slug":"square-2","status":"publish","type":"product","link":"https:\/\/egassbarcelona.com\/ca\/producte\/square-2\/","title":{"rendered":"SQUARE 2"},"content":{"rendered":"<p>Le arracades Square s\u00f3n molt lleugeres i f\u00e0cils de portar. Al tenir moviment t\u2019aportaran una imatge jovial.<\/p>\n","protected":false},"excerpt":{"rendered":"<p>Arracades fines banyades amb or o plata segons model, amb una ll\u00e0grima central de resina de color. Molt lleugeres. Hi ha l&#8217;opci\u00f3 de tancament de clip, per a Ornella sense perforaci\u00f3, o l&#8217;opci\u00f3 est\u00e0ndard per a orella perforada.<br \/>\nFetes a m\u00e0.<br \/>\nLlargada : 7cm<\/p>\n","protected":false},"featured_media":23410,"comment_status":"closed","ping_status":"closed","template":"","meta":{"_seopress_robots_primary_cat":"149","_seopress_titles_title":"","_seopress_titles_desc":"","_seopress_robots_index":""},"product_brand":[],"product_cat":[149],"product_tag":[297,521],"class_list":{"0":"post-12057","1":"product","2":"type-product","3":"status-publish","4":"has-post-thumbnail","6":"product_cat-arracades","7":"product_tag-resines","8":"product_tag-zamak-banado-en-plata-ca","9":"pa_bano-daurat","10":"pa_bano-platejat","11":"pa_cierre-clip-ca","12":"pa_cierre-estandard","13":"pa_color-blau-ca","14":"pa_color-cru-ca","15":"pa_color-granat","16":"pa_color-negre-ca-2","17":"pa_color-verde-ca","19":"first","20":"instock","21":"taxable","22":"shipping-taxable","23":"purchasable","24":"product-type-variable","25":"has-default-attributes"},"_links":{"self":[{"href":"https:\/\/egassbarcelona.com\/ca\/wp-json\/wp\/v2\/product\/12057","targetHints":{"allow":["GET"]}}],"collection":[{"href":"https:\/\/egassbarcelona.com\/ca\/wp-json\/wp\/v2\/product"}],"about":[{"href":"https:\/\/egassbarcelona.com\/ca\/wp-json\/wp\/v2\/types\/product"}],"replies":[{"embeddable":true,"href":"https:\/\/egassbarcelona.com\/ca\/wp-json\/wp\/v2\/comments?post=12057"}],"wp:featuredmedia":[{"embeddable":true,"href":"https:\/\/egassbarcelona.com\/ca\/wp-json\/wp\/v2\/media\/23410"}],"wp:attachment":[{"href":"https:\/\/egassbarcelona.com\/ca\/wp-json\/wp\/v2\/media?parent=12057"}],"wp:term":[{"taxonomy":"product_brand","embeddable":true,"href":"https:\/\/egassbarcelona.com\/ca\/wp-json\/wp\/v2\/product_brand?post=12057"},{"taxonomy":"product_cat","embeddable":true,"href":"https:\/\/egassbarcelona.com\/ca\/wp-json\/wp\/v2\/product_cat?post=12057"},{"taxonomy":"product_tag","embeddable":true,"href":"https:\/\/egassbarcelona.com\/ca\/wp-json\/wp\/v2\/product_tag?post=12057"}],"curies":[{"name":"wp","href":"https:\/\/api.w.org\/{rel}","templated":true}]}}