{"id":12016,"date":"2019-12-06T20:19:41","date_gmt":"2019-12-06T19:19:41","guid":{"rendered":"https:\/\/egassbarcelona.com\/producto\/nicola\/"},"modified":"2025-11-22T22:58:42","modified_gmt":"2025-11-22T21:58:42","slug":"nicola","status":"publish","type":"product","link":"https:\/\/egassbarcelona.com\/ca\/producte\/nicola\/","title":{"rendered":"Nicola"},"content":{"rendered":"<p class=\"p1\"><span class=\"s1\">Polsera elaborada amb cuiro rod\u00f3 d\u2019alta qualitat, suau i flexible, que s\u2019adapta c\u00f2modament al canell. Incorpora un tancament magn\u00e8tic de zamak banyat en plata, de l\u00ednies netes i acabat polit, que facilita la col\u00b7locaci\u00f3 i aporta un toc modern i minimalista.<\/p>\n<p>  <\/span><span class=\"s1\">Un disseny essencial, perfecte per portar cada dia o combinar amb altres peces<\/span><\/p>\n<p>Mesura: seleccionar segons el per\u00edmetre del canell.<\/p>\n","protected":false},"excerpt":{"rendered":"<p class=\"p1\"><span class=\"s1\">Polsera de cuiro rod\u00f3 amb tancament de zamak banyat en plata. Un b\u00e0sic elegant i vers\u00e0til. <\/span><\/p>\n","protected":false},"featured_media":23488,"comment_status":"closed","ping_status":"closed","template":"","meta":{"_seopress_robots_primary_cat":"510","_seopress_titles_title":"","_seopress_titles_desc":"","_seopress_robots_index":""},"product_brand":[],"product_cat":[510,150],"product_tag":[1175,521],"class_list":{"0":"post-12016","1":"product","2":"type-product","3":"status-publish","4":"has-post-thumbnail","6":"product_cat-novetats","7":"product_cat-polseres","8":"product_tag-cuir-de-5mm","9":"product_tag-zamak-banado-en-plata-ca","10":"pa_talla-l-ca","11":"pa_talla-m-ca","12":"pa_talla-s-ca","14":"first","15":"instock","16":"taxable","17":"shipping-taxable","18":"purchasable","19":"product-type-variable","20":"has-default-attributes"},"_links":{"self":[{"href":"https:\/\/egassbarcelona.com\/ca\/wp-json\/wp\/v2\/product\/12016","targetHints":{"allow":["GET"]}}],"collection":[{"href":"https:\/\/egassbarcelona.com\/ca\/wp-json\/wp\/v2\/product"}],"about":[{"href":"https:\/\/egassbarcelona.com\/ca\/wp-json\/wp\/v2\/types\/product"}],"replies":[{"embeddable":true,"href":"https:\/\/egassbarcelona.com\/ca\/wp-json\/wp\/v2\/comments?post=12016"}],"wp:featuredmedia":[{"embeddable":true,"href":"https:\/\/egassbarcelona.com\/ca\/wp-json\/wp\/v2\/media\/23488"}],"wp:attachment":[{"href":"https:\/\/egassbarcelona.com\/ca\/wp-json\/wp\/v2\/media?parent=12016"}],"wp:term":[{"taxonomy":"product_brand","embeddable":true,"href":"https:\/\/egassbarcelona.com\/ca\/wp-json\/wp\/v2\/product_brand?post=12016"},{"taxonomy":"product_cat","embeddable":true,"href":"https:\/\/egassbarcelona.com\/ca\/wp-json\/wp\/v2\/product_cat?post=12016"},{"taxonomy":"product_tag","embeddable":true,"href":"https:\/\/egassbarcelona.com\/ca\/wp-json\/wp\/v2\/product_tag?post=12016"}],"curies":[{"name":"wp","href":"https:\/\/api.w.org\/{rel}","templated":true}]}}