{"id":11924,"date":"2019-12-05T20:03:33","date_gmt":"2019-12-05T19:03:33","guid":{"rendered":"https:\/\/egassbarcelona.com\/producto\/maica\/"},"modified":"2023-07-15T23:21:49","modified_gmt":"2023-07-15T21:21:49","slug":"maica","status":"publish","type":"product","link":"https:\/\/egassbarcelona.com\/ca\/producte\/maica\/","title":{"rendered":"MAICA"},"content":{"rendered":"<p>Arracades molt afavoridores per a qualsevol tipus de cara i especialment per cares rodones ja que els aportar\u00e0 esveltesa.<\/p>\n","protected":false},"excerpt":{"rendered":"<p>Arracades\u00a0en forma de bast\u00f3 prim \u00a0de zamak banyat en or o plata segons model. Hi ha l&#8217;opci\u00f3 de tancament de clip, per a orella sense perforaci\u00f3, o l&#8217;opci\u00f3 est\u00e0ndard per a orella perforada.<br \/>\nFets a m\u00e0.<br \/>\nLongitud: 8&#8217;5 cm.<\/p>\n","protected":false},"featured_media":23351,"comment_status":"closed","ping_status":"closed","template":"","meta":{"_seopress_robots_primary_cat":"149","_seopress_titles_title":"","_seopress_titles_desc":"","_seopress_robots_index":""},"product_brand":[],"product_cat":[149],"product_tag":[929,521],"class_list":{"0":"post-11924","1":"product","2":"type-product","3":"status-publish","4":"has-post-thumbnail","6":"product_cat-arracades","7":"product_tag-zamak-banado-en-oro-ca","8":"product_tag-zamak-banado-en-plata-ca","9":"pa_bano-daurat","10":"pa_bano-platejat","11":"pa_cierre-clip-ca","12":"pa_cierre-estandard","14":"first","15":"instock","16":"taxable","17":"shipping-taxable","18":"purchasable","19":"product-type-variable","20":"has-default-attributes"},"_links":{"self":[{"href":"https:\/\/egassbarcelona.com\/ca\/wp-json\/wp\/v2\/product\/11924","targetHints":{"allow":["GET"]}}],"collection":[{"href":"https:\/\/egassbarcelona.com\/ca\/wp-json\/wp\/v2\/product"}],"about":[{"href":"https:\/\/egassbarcelona.com\/ca\/wp-json\/wp\/v2\/types\/product"}],"replies":[{"embeddable":true,"href":"https:\/\/egassbarcelona.com\/ca\/wp-json\/wp\/v2\/comments?post=11924"}],"wp:featuredmedia":[{"embeddable":true,"href":"https:\/\/egassbarcelona.com\/ca\/wp-json\/wp\/v2\/media\/23351"}],"wp:attachment":[{"href":"https:\/\/egassbarcelona.com\/ca\/wp-json\/wp\/v2\/media?parent=11924"}],"wp:term":[{"taxonomy":"product_brand","embeddable":true,"href":"https:\/\/egassbarcelona.com\/ca\/wp-json\/wp\/v2\/product_brand?post=11924"},{"taxonomy":"product_cat","embeddable":true,"href":"https:\/\/egassbarcelona.com\/ca\/wp-json\/wp\/v2\/product_cat?post=11924"},{"taxonomy":"product_tag","embeddable":true,"href":"https:\/\/egassbarcelona.com\/ca\/wp-json\/wp\/v2\/product_tag?post=11924"}],"curies":[{"name":"wp","href":"https:\/\/api.w.org\/{rel}","templated":true}]}}