{"id":10692,"date":"2019-03-23T14:00:31","date_gmt":"2019-03-23T13:00:31","guid":{"rendered":"https:\/\/egassbarcelona.com\/?post_type=product&#038;p=10692"},"modified":"2021-12-07T11:12:12","modified_gmt":"2021-12-07T10:12:12","slug":"10692","status":"publish","type":"product","link":"https:\/\/egassbarcelona.com\/ca\/producte\/10692\/","title":{"rendered":"DONNA"},"content":{"rendered":"<p>El collaret Donna, \u00e9s un collaret original i afavoridor. Com que \u00e9s un collaret llarg \u00a0et far\u00e0 m\u00e9s esvelta i amb el seu moviment et proporcionar\u00e0 una imatge jovial i din\u00e0mica.<\/p>\n","protected":false},"excerpt":{"rendered":"<p>Collaret llarg amb peces de de cer\u00e0mica fabricades artesanalment, una fulla de pell i peces de zamak banyades en plata. Cord\u00f3 de cuir. Tancament i cadena per ajustar la llargada tamb\u00e9 de zamak banyat en plata. <\/p>\n<p>Fet a m\u00e0.<\/p>\n<p>Disponible en gris i marr\u00f3.<\/p>\n<p>Talla: S: 50-51 cm | M: 52-53 cm | L: 54-55 cm <\/p>\n","protected":false},"featured_media":23318,"comment_status":"closed","ping_status":"closed","template":"","meta":{"_seopress_robots_primary_cat":"81","_seopress_titles_title":"","_seopress_titles_desc":"","_seopress_robots_index":""},"product_brand":[],"product_cat":[81],"product_tag":[635,195,228,521],"class_list":{"0":"post-10692","1":"product","2":"type-product","3":"status-publish","4":"has-post-thumbnail","6":"product_cat-collarets","7":"product_tag-ceramica-ca","8":"product_tag-cuir","9":"product_tag-pell","10":"product_tag-zamak-banado-en-plata-ca","11":"pa_color-gris-ca-2","12":"pa_color-marro-ca","13":"pa_talla-l-ca","14":"pa_talla-m-ca","15":"pa_talla-s-ca","17":"first","18":"instock","19":"taxable","20":"shipping-taxable","21":"purchasable","22":"product-type-variable","23":"has-default-attributes"},"_links":{"self":[{"href":"https:\/\/egassbarcelona.com\/ca\/wp-json\/wp\/v2\/product\/10692","targetHints":{"allow":["GET"]}}],"collection":[{"href":"https:\/\/egassbarcelona.com\/ca\/wp-json\/wp\/v2\/product"}],"about":[{"href":"https:\/\/egassbarcelona.com\/ca\/wp-json\/wp\/v2\/types\/product"}],"replies":[{"embeddable":true,"href":"https:\/\/egassbarcelona.com\/ca\/wp-json\/wp\/v2\/comments?post=10692"}],"wp:featuredmedia":[{"embeddable":true,"href":"https:\/\/egassbarcelona.com\/ca\/wp-json\/wp\/v2\/media\/23318"}],"wp:attachment":[{"href":"https:\/\/egassbarcelona.com\/ca\/wp-json\/wp\/v2\/media?parent=10692"}],"wp:term":[{"taxonomy":"product_brand","embeddable":true,"href":"https:\/\/egassbarcelona.com\/ca\/wp-json\/wp\/v2\/product_brand?post=10692"},{"taxonomy":"product_cat","embeddable":true,"href":"https:\/\/egassbarcelona.com\/ca\/wp-json\/wp\/v2\/product_cat?post=10692"},{"taxonomy":"product_tag","embeddable":true,"href":"https:\/\/egassbarcelona.com\/ca\/wp-json\/wp\/v2\/product_tag?post=10692"}],"curies":[{"name":"wp","href":"https:\/\/api.w.org\/{rel}","templated":true}]}}