{"id":10480,"date":"2019-03-04T23:56:11","date_gmt":"2019-03-04T22:56:11","guid":{"rendered":"https:\/\/egassbarcelona.com\/?post_type=product&#038;p=10480"},"modified":"2023-07-16T17:35:57","modified_gmt":"2023-07-16T15:35:57","slug":"xenia","status":"publish","type":"product","link":"https:\/\/egassbarcelona.com\/ca\/producte\/xenia\/","title":{"rendered":"XENIA"},"content":{"rendered":"<p>Les arracades Xenia s\u00f3n ideals per combinar amb el collaret Xenia. Molt elegants per\u00f2 alhora molt portables tant per a una ocasi\u00f3 especial com per a un anar a l&#8217;oficina.<\/p>\n","protected":false},"excerpt":{"rendered":"<p>Arracades de cadena fina xapada en plata amb delicat nus al centre. Molt elegants.<br \/>\nHi ha l&#8217;opci\u00f3 tancament de clip, per a orella sense perforaci\u00f3, o l&#8217;opci\u00f3 est\u00e0ndard per a orella perforada. El tancament de clip \u00e9s diferent al del model perforat.<br \/>\n Fet a m\u00e0.<br \/>\nDues llargades. TM: 5 cm TL: 7 cm.<\/p>\n","protected":false},"featured_media":23305,"comment_status":"closed","ping_status":"closed","template":"","meta":{"_seopress_robots_primary_cat":"149","_seopress_titles_title":"","_seopress_titles_desc":"","_seopress_robots_index":""},"product_brand":[],"product_cat":[149],"product_tag":[917],"class_list":{"0":"post-10480","1":"product","2":"type-product","3":"status-publish","4":"has-post-thumbnail","6":"product_cat-arracades","7":"product_tag-cadena-chapada-en-plata-hecho-a-mano-ca","8":"pa_cierre-clip-ca","9":"pa_cierre-estandard","10":"pa_talla-l-ca","11":"pa_talla-m-ca","12":"pa_talla-s-ca","14":"first","15":"instock","16":"taxable","17":"shipping-taxable","18":"purchasable","19":"product-type-variable","20":"has-default-attributes"},"_links":{"self":[{"href":"https:\/\/egassbarcelona.com\/ca\/wp-json\/wp\/v2\/product\/10480","targetHints":{"allow":["GET"]}}],"collection":[{"href":"https:\/\/egassbarcelona.com\/ca\/wp-json\/wp\/v2\/product"}],"about":[{"href":"https:\/\/egassbarcelona.com\/ca\/wp-json\/wp\/v2\/types\/product"}],"replies":[{"embeddable":true,"href":"https:\/\/egassbarcelona.com\/ca\/wp-json\/wp\/v2\/comments?post=10480"}],"wp:featuredmedia":[{"embeddable":true,"href":"https:\/\/egassbarcelona.com\/ca\/wp-json\/wp\/v2\/media\/23305"}],"wp:attachment":[{"href":"https:\/\/egassbarcelona.com\/ca\/wp-json\/wp\/v2\/media?parent=10480"}],"wp:term":[{"taxonomy":"product_brand","embeddable":true,"href":"https:\/\/egassbarcelona.com\/ca\/wp-json\/wp\/v2\/product_brand?post=10480"},{"taxonomy":"product_cat","embeddable":true,"href":"https:\/\/egassbarcelona.com\/ca\/wp-json\/wp\/v2\/product_cat?post=10480"},{"taxonomy":"product_tag","embeddable":true,"href":"https:\/\/egassbarcelona.com\/ca\/wp-json\/wp\/v2\/product_tag?post=10480"}],"curies":[{"name":"wp","href":"https:\/\/api.w.org\/{rel}","templated":true}]}}