{"id":10362,"date":"2019-02-13T17:27:31","date_gmt":"2019-02-13T16:27:31","guid":{"rendered":"https:\/\/egassbarcelona.com\/producto\/miriam\/"},"modified":"2021-12-07T11:13:09","modified_gmt":"2021-12-07T10:13:09","slug":"miriam","status":"publish","type":"product","link":"https:\/\/egassbarcelona.com\/ca\/producte\/miriam\/","title":{"rendered":"CHANTAL"},"content":{"rendered":"<p>El collaret Chantal, en ser un collaret gran, te molta pres\u00e8ncia i et proporcionar\u00e0 una imatge de seguretat.<\/p>\n<p>Mesures del collaret:<br \/>\nS: 38 |M: 42 cm | L: 47 cm<\/p>\n","protected":false},"excerpt":{"rendered":"<p>Collaret curt realitzat amb fil gruixut de cot\u00f3 i una gran pe\u00e7a de zamak banyada en plata. Tanca i cadena per ajustar la mesura del mateix material. Fet a m\u00e0.<\/p>\n<p>Disponible en gris i negre.<\/p>\n<p>Mesures del collaret:<br \/>\nS: 38 |M: 42 cm | L: 47 cm<\/p>\n","protected":false},"featured_media":23295,"comment_status":"closed","ping_status":"closed","template":"","meta":{"_seopress_robots_primary_cat":"733","_seopress_titles_title":"","_seopress_titles_desc":"","_seopress_robots_index":""},"product_brand":[],"product_cat":[733],"product_tag":[196,521],"class_list":{"0":"post-10362","1":"product","2":"type-product","3":"status-publish","4":"has-post-thumbnail","6":"product_cat-models-esgotats","7":"product_tag-fet-a-ma","8":"product_tag-zamak-banado-en-plata-ca","9":"pa_color-gris-ca-2","10":"pa_color-negre-ca-2","11":"pa_talla-l-ca","12":"pa_talla-m-ca","14":"first","15":"instock","16":"taxable","17":"shipping-taxable","18":"purchasable","19":"product-type-variable","20":"has-default-attributes"},"_links":{"self":[{"href":"https:\/\/egassbarcelona.com\/ca\/wp-json\/wp\/v2\/product\/10362","targetHints":{"allow":["GET"]}}],"collection":[{"href":"https:\/\/egassbarcelona.com\/ca\/wp-json\/wp\/v2\/product"}],"about":[{"href":"https:\/\/egassbarcelona.com\/ca\/wp-json\/wp\/v2\/types\/product"}],"replies":[{"embeddable":true,"href":"https:\/\/egassbarcelona.com\/ca\/wp-json\/wp\/v2\/comments?post=10362"}],"wp:featuredmedia":[{"embeddable":true,"href":"https:\/\/egassbarcelona.com\/ca\/wp-json\/wp\/v2\/media\/23295"}],"wp:attachment":[{"href":"https:\/\/egassbarcelona.com\/ca\/wp-json\/wp\/v2\/media?parent=10362"}],"wp:term":[{"taxonomy":"product_brand","embeddable":true,"href":"https:\/\/egassbarcelona.com\/ca\/wp-json\/wp\/v2\/product_brand?post=10362"},{"taxonomy":"product_cat","embeddable":true,"href":"https:\/\/egassbarcelona.com\/ca\/wp-json\/wp\/v2\/product_cat?post=10362"},{"taxonomy":"product_tag","embeddable":true,"href":"https:\/\/egassbarcelona.com\/ca\/wp-json\/wp\/v2\/product_tag?post=10362"}],"curies":[{"name":"wp","href":"https:\/\/api.w.org\/{rel}","templated":true}]}}