{"id":10223,"date":"2019-02-06T20:10:23","date_gmt":"2019-02-06T19:10:23","guid":{"rendered":"https:\/\/egassbarcelona.com\/producto\/david\/"},"modified":"2021-12-07T11:15:10","modified_gmt":"2021-12-07T10:15:10","slug":"david","status":"publish","type":"product","link":"https:\/\/egassbarcelona.com\/ca\/producte\/david\/","title":{"rendered":"DAVID"},"content":{"rendered":"<p>La polsera David, \u00e9s una polsera lleugera i elegant que et donar\u00e0 una imatge elegant i activa.<\/p>\n<p>TALLES<\/p>\n<p>La talla de la polsera la determina el per\u00edmetre del canell. Per a aix\u00f2 pots envoltar el canell amb una cinta i marcar el punt on s&#8217;ajunti sense pr\u00e9mer. Col\u00b7loca aquesta mateixa cinta sobre un regle o cent\u00edmetre i obtindr\u00e0s la mida del teu canell.<\/p>\n<p class=\"p1\">Talles (per\u00edmetre del canell):<br \/>\nXS-17cm, S-18cm, M-19cm, L- 20cm, XL-21cm.<\/p>\n","protected":false},"excerpt":{"rendered":"<p>Polsera de doble tira de cuir i peces de zamak banyades en plata. Tanca d&#8217;acer. Fet a m\u00e0.<\/p>\n<p>Disponible en negre, marr\u00f3 i bicolor marr\u00f3 i negre.<\/p>\n<p>Talles (per\u00edmetre del canell):<br \/>\nXS-17cm, S-18cm, M-19cm, L- 20cm, XL-21cm.<\/p>\n","protected":false},"featured_media":23286,"comment_status":"closed","ping_status":"closed","template":"","meta":{"_seopress_robots_primary_cat":"668","_seopress_titles_title":"","_seopress_titles_desc":"","_seopress_robots_index":""},"product_brand":[],"product_cat":[668],"product_tag":[],"class_list":{"0":"post-10223","1":"product","2":"type-product","3":"status-publish","4":"has-post-thumbnail","6":"product_cat-polseres-ells","7":"pa_color-bicolor-ca-2","8":"pa_color-marro-ca","9":"pa_color-negre-ca-2","10":"pa_talla-l-ca","11":"pa_talla-m-ca","12":"pa_talla-s-ca","13":"pa_talla-xs-ca","15":"first","16":"instock","17":"taxable","18":"shipping-taxable","19":"purchasable","20":"product-type-variable","21":"has-default-attributes"},"_links":{"self":[{"href":"https:\/\/egassbarcelona.com\/ca\/wp-json\/wp\/v2\/product\/10223","targetHints":{"allow":["GET"]}}],"collection":[{"href":"https:\/\/egassbarcelona.com\/ca\/wp-json\/wp\/v2\/product"}],"about":[{"href":"https:\/\/egassbarcelona.com\/ca\/wp-json\/wp\/v2\/types\/product"}],"replies":[{"embeddable":true,"href":"https:\/\/egassbarcelona.com\/ca\/wp-json\/wp\/v2\/comments?post=10223"}],"wp:featuredmedia":[{"embeddable":true,"href":"https:\/\/egassbarcelona.com\/ca\/wp-json\/wp\/v2\/media\/23286"}],"wp:attachment":[{"href":"https:\/\/egassbarcelona.com\/ca\/wp-json\/wp\/v2\/media?parent=10223"}],"wp:term":[{"taxonomy":"product_brand","embeddable":true,"href":"https:\/\/egassbarcelona.com\/ca\/wp-json\/wp\/v2\/product_brand?post=10223"},{"taxonomy":"product_cat","embeddable":true,"href":"https:\/\/egassbarcelona.com\/ca\/wp-json\/wp\/v2\/product_cat?post=10223"},{"taxonomy":"product_tag","embeddable":true,"href":"https:\/\/egassbarcelona.com\/ca\/wp-json\/wp\/v2\/product_tag?post=10223"}],"curies":[{"name":"wp","href":"https:\/\/api.w.org\/{rel}","templated":true}]}}